{"id":4348,"date":"2013-12-11T13:18:34","date_gmt":"2013-12-11T18:18:34","guid":{"rendered":"http:\/\/www.jnaceros.com.pe\/blog\/?page_id=169"},"modified":"2013-12-11T13:18:34","modified_gmt":"2013-12-11T18:18:34","slug":"tipos-tubos-acero-inoxidable","status":"publish","type":"page","link":"https:\/\/jnaceros.com.pe\/blog\/tubos-acero-inoxidable\/tipos-tubos-acero-inoxidable\/","title":{"rendered":"Tipos de Tubos de Acero Inoxidable"},"content":{"rendered":"<p>Dentro de los tubos comunes (PIPE) y los tubos especiales (TUBING) podemos se\u00f1alar los siguientes tipos de tubos de acero inoxidable:<\/p>\n<h2>a) Tuber\u00eda de Acero Inoxidable Industrial:<\/h2>\n<p>Existen diferentes normas de fabricaci\u00f3n para tuber\u00eda industrial de acero inoxidable, dependiendo de su aplicaci\u00f3n final.<\/p>\n<p><b>TUBER\u00cdA<\/b><strong>\u00a0DE\u00a0C\u00c9DULA\u00a0(SHEDULE PIPE)<\/strong>, de acero inoxidable austen\u00edtico, empleado en la conducci\u00f3n de fluidos para servicio en altas temperaturas y ambientes corrosivos generales,fabricados bajo las normas ASTM A312 y ANSI B36-19\/B36-10 o ISO 65.<\/p>\n<p><b>TUBER\u00cdA<\/b><strong>\u00a0(TUBING)<\/strong>, de acero inoxidable austen\u00edtico, para servicio como tubos de calderas, intercambiadores de calor y condensadores fabricados bajo la norma ASTM A249, ISO 1127.<\/p>\n<p><b>TUBER\u00cdA<\/b><strong>\u00a0(TUBING)<\/strong>, de acero inoxidable austen\u00edtico, bajo normas ASTM A 269 resistente a ambientes corrosivos generales y para servicio en bajas y altas temperaturas para la industria alimentaria, tolerancias ISO 1127.<\/p>\n<p><b>TUBER\u00cdA<\/b><strong>(TUBING)<\/strong>, de acero inoxidable austen\u00edtico y ferr\u00edtico, bajo normas ASTM 268 y 269, para la industria azucarera, papelera y qu\u00edmica.<\/p>\n<h2>b) Tuber\u00eda Estructural y Ornamental<\/h2>\n<p>ES usada en aplicaciones donde las propiedades mec\u00e1nicas, durabilidad y apariencia son requeridas en elementos estructurales, arquitectura y construcci\u00f3n, as\u00ed como en mobiliario residencial o comercial.Es ta fabricado bajo la norma ASTM A-554 el acero de mayor aceptaci\u00f3n es el AISI 304, gracias a las propiedades que presenta como:<\/p>\n<ul>\n<li>Elevada resistencia y ductibilidad.<\/li>\n<li>Resistencia a la corrosi\u00f3n.<\/li>\n<li>F\u00e1cil conformaci\u00f3n.<\/li>\n<li>Excelente soldabilidad.<\/li>\n<\/ul>\n<p>Sin embargo en condiciones donde se requiera una mayor resistencia a la corrosi\u00f3n se recomienda utilizar el acero AISI 316.<\/p>\n<h2>\u00bfCuales son los acabados superficiales de tuber\u00edas seg\u00fan la aplicaci\u00f3n?<\/h2>\n<p><strong>Acabado Mate (acabado molino),<\/strong> superficie tal y como se encuentra despu\u00e9s del formado y soldado. Utilizado cuando no se requiere una apariencia pulida, o cuando el acabado final se realizar\u00e1 al terminar la aplicaci\u00f3n.<\/p>\n<p><strong>Acabado Pulido<\/strong>, superficie sometida a un proceso de pulido con abrasivo (lijas, ruedas, etc.). Sus aplicaciones son: barandas y pasamanos, equipos de restaurantes, equipos de hospitales, mobiliario residencial y comercial, pasamanos y asientos para el transporte masivo.<\/p>\n<h2>c) Tuber\u00eda Automotriz<\/h2>\n<p>Los tubos de acero inoxidable ferr\u00edticos y b\u00e1sicamente el tubo de acero inoxidable ferr\u00edticos y b\u00e1sicamente el tubo de acero inoxidable AISI 409 son empleados cada d\u00eda mas en la industria automotriz en la fabricaci\u00f3n de tubos de escape por su alta resistencia a elevadas temperaturas, alta soldabilidad y facilidad de limpieza.<\/p>\n<p>Las principales caracter\u00edsticas del acero inoxidable 409 son las siguientes:<\/p>\n<ul>\n<li>Excelente soldabilidad<\/li>\n<li>F\u00e1cil conformado.<\/li>\n<li>Resistencia a la oxidaci\u00f3n.<\/li>\n<li>Resistencia a la corrosi\u00f3n. del aire y ambientes hostiles y h\u00famedos.<\/li>\n<\/ul>\n<h2>d) Tubos de Alta Presi\u00f3n<\/h2>\n<p>El uso de tubos en la fabricaci\u00f3n de instrumentos m\u00e9dicos, instrumentos hospitalarios, instrumentos de laboratorio, etc, esta cada vez m\u00e1s difundido y estandarizado debido a las altas propiedades anticorrosivas e higi\u00e9nicas de los aceros inoxidables.<\/p>\n<p>Se fabrican tubos con dimensiones y tolerancias de alta precisi\u00f3n y super acabados superficiales bajo normas ISO 560.<\/p>\n","protected":false},"excerpt":{"rendered":"<p>Dentro de los tubos comunes (PIPE) y los tubos especiales (TUBING) podemos se\u00f1alar los siguientes tipos de tubos de acero inoxidable: a) Tuber\u00eda de Acero Inoxidable Industrial: Existen diferentes normas de fabricaci\u00f3n para tuber\u00eda industrial de acero inoxidable, dependiendo de su aplicaci\u00f3n final. TUBER\u00cdA\u00a0DE\u00a0C\u00c9DULA\u00a0(SHEDULE PIPE), de acero inoxidable austen\u00edtico, empleado en la conducci\u00f3n de fluidos [&hellip;]<\/p>\n","protected":false},"author":4,"featured_media":0,"parent":4339,"menu_order":6,"comment_status":"open","ping_status":"closed","template":"","meta":{"footnotes":""},"class_list":["post-4348","page","type-page","status-publish","hentry"],"_links":{"self":[{"href":"https:\/\/jnaceros.com.pe\/blog\/wp-json\/wp\/v2\/pages\/4348","targetHints":{"allow":["GET"]}}],"collection":[{"href":"https:\/\/jnaceros.com.pe\/blog\/wp-json\/wp\/v2\/pages"}],"about":[{"href":"https:\/\/jnaceros.com.pe\/blog\/wp-json\/wp\/v2\/types\/page"}],"author":[{"embeddable":true,"href":"https:\/\/jnaceros.com.pe\/blog\/wp-json\/wp\/v2\/users\/4"}],"replies":[{"embeddable":true,"href":"https:\/\/jnaceros.com.pe\/blog\/wp-json\/wp\/v2\/comments?post=4348"}],"version-history":[{"count":0,"href":"https:\/\/jnaceros.com.pe\/blog\/wp-json\/wp\/v2\/pages\/4348\/revisions"}],"up":[{"embeddable":true,"href":"https:\/\/jnaceros.com.pe\/blog\/wp-json\/wp\/v2\/pages\/4339"}],"wp:attachment":[{"href":"https:\/\/jnaceros.com.pe\/blog\/wp-json\/wp\/v2\/media?parent=4348"}],"curies":[{"name":"wp","href":"https:\/\/api.w.org\/{rel}","templated":true}]}}