{"id":4347,"date":"2013-12-11T13:16:52","date_gmt":"2013-12-11T18:16:52","guid":{"rendered":"http:\/\/www.jnaceros.com.pe\/blog\/?page_id=166"},"modified":"2013-12-11T13:16:52","modified_gmt":"2013-12-11T18:16:52","slug":"tubos-con-costura","status":"publish","type":"page","link":"https:\/\/jnaceros.com.pe\/blog\/tubos-acero-inoxidable\/tubos-con-costura\/","title":{"rendered":"Tubos Con Costura"},"content":{"rendered":"<p>Este tipo de tubos se forma por partes permitiendo alcanzar el di\u00e1metro y espesor deseado, mayores que los tubos sin costura.<\/p>\n<p>Las tuber\u00edas con costura se hacen con bandas laminadas conformadas en cilindros y soldados en las costuras por varios m\u00e9todos, se atribuye a las soldaduras de 80% al 100% de la resistencia de las paredes de la tuber\u00eda dependiendo de los procedimientos de soldadura e inspecci\u00f3n. Se puede obtener di\u00e1metros mayores y razones m\u00e1s bajas e espesor de las paredes al di\u00e1metro en las tuberias con costura que en las tuber\u00edas sin costura.<\/p>\n<h2>Esta fabricaci\u00f3n tiene los siguientes pasos simult\u00e1neos:<\/h2>\n<ul>\n<li>Conformado en fr\u00edo del tubo a partir de una l\u00e1mina plana llamada plancha para tubos (skelp) se prepara el ancho y el espesor apropiado para los di\u00e1metros que deseen si es un proceso a partir de bobinas o flejes.<\/li>\n<li>Proceso de soldadura longitudinal del tubo.<\/li>\n<li>Esmerilado de la costura.<\/li>\n<li>Corte longitudinal aproximado.<\/li>\n<li>Estirado( o trefilado) a las dimensiones del di\u00e1metro y espesor requerido.<\/li>\n<li>Tratamiento T\u00e9rmico (reconocido)<\/li>\n<li>Enderezado-Corte a longitud exacta.<\/li>\n<li>Prueba hidrost\u00e1tica.<\/li>\n<li>Prueba no destructiva de la soldadura (rayos X o ultrasonido)<\/li>\n<li>Marcado y embalaje.<\/li>\n<\/ul>\n<p>Con los avances tecnol\u00f3gicos en el proceso de fabricaci\u00f3n de los tubos con costura, est\u00e1n siendo reemplazados poco a poco los tubos sin costura por las siguientes razones :<\/p>\n<ul>\n<li>Las propiedades mec\u00e1nicas son similares a los tubos sin costura.<\/li>\n<li>Los procesos son m\u00e1s econ\u00f3micos.<\/li>\n<li>El control de calidad de los tubos y control de procedimientos son m\u00e1s f\u00e1ciles y exactos en los tubos con costura que en los tubos sin costura.<\/li>\n<\/ul>\n<h2>La soldadura puede efectuarse por varios m\u00e9todos:<\/h2>\n<ul>\n<li>Soldadura por gas inerte de tungsteno (TIG).<\/li>\n<li>Soldadura por gas inerte de arco de metal (MIG).<\/li>\n<li>Soldadura por arco sumergido.<\/li>\n<li>Soldadura por arco de plasma. (cabe destacar que esta \u00faltima es superior ya que se requiere poco o ning\u00fan metal de relleno y se logra una buena uni\u00f3n de metal a metal.<\/li>\n<\/ul>\n","protected":false},"excerpt":{"rendered":"<p>Este tipo de tubos se forma por partes permitiendo alcanzar el di\u00e1metro y espesor deseado, mayores que los tubos sin costura. Las tuber\u00edas con costura se hacen con bandas laminadas conformadas en cilindros y soldados en las costuras por varios m\u00e9todos, se atribuye a las soldaduras de 80% al 100% de la resistencia de las [&hellip;]<\/p>\n","protected":false},"author":4,"featured_media":0,"parent":4339,"menu_order":5,"comment_status":"open","ping_status":"closed","template":"","meta":{"footnotes":""},"class_list":["post-4347","page","type-page","status-publish","hentry"],"_links":{"self":[{"href":"https:\/\/jnaceros.com.pe\/blog\/wp-json\/wp\/v2\/pages\/4347","targetHints":{"allow":["GET"]}}],"collection":[{"href":"https:\/\/jnaceros.com.pe\/blog\/wp-json\/wp\/v2\/pages"}],"about":[{"href":"https:\/\/jnaceros.com.pe\/blog\/wp-json\/wp\/v2\/types\/page"}],"author":[{"embeddable":true,"href":"https:\/\/jnaceros.com.pe\/blog\/wp-json\/wp\/v2\/users\/4"}],"replies":[{"embeddable":true,"href":"https:\/\/jnaceros.com.pe\/blog\/wp-json\/wp\/v2\/comments?post=4347"}],"version-history":[{"count":0,"href":"https:\/\/jnaceros.com.pe\/blog\/wp-json\/wp\/v2\/pages\/4347\/revisions"}],"up":[{"embeddable":true,"href":"https:\/\/jnaceros.com.pe\/blog\/wp-json\/wp\/v2\/pages\/4339"}],"wp:attachment":[{"href":"https:\/\/jnaceros.com.pe\/blog\/wp-json\/wp\/v2\/media?parent=4347"}],"curies":[{"name":"wp","href":"https:\/\/api.w.org\/{rel}","templated":true}]}}