{"id":4340,"date":"2013-12-11T12:55:02","date_gmt":"2013-12-11T17:55:02","guid":{"rendered":"http:\/\/www.jnaceros.com.pe\/blog\/?page_id=157"},"modified":"2013-12-11T12:55:02","modified_gmt":"2013-12-11T17:55:02","slug":"nomenclatura","status":"publish","type":"page","link":"https:\/\/jnaceros.com.pe\/blog\/tubos-acero-inoxidable\/nomenclatura\/","title":{"rendered":"Nomenclatura de los Tubos de Acero Inoxidable"},"content":{"rendered":"<p>El tubo se diferencia seg\u00fan su aplicaci\u00f3n y el uso que se le va a dar.<\/p>\n<p>Existen sustancias fluidas de diversas naturaleza, las cuales requieren tubos conductores de diversos materiales y dimensiones. Los tubos de acero inoxidable deben reunir ciertos requisitos:<\/p>\n<ul>\n<li>El material no puede ser atacado por la naturaleza del fluido que conduce.<\/li>\n<li>El material del cual esta hecho no debe contaminar ni alterar la naturaleza del fluido que<\/li>\n<li>conduce.<\/li>\n<li>Debe resistir a la acci\u00f3n del medio ambiente.<\/li>\n<li>Debe resistir a la temperatura.<\/li>\n<li>Debe resistir a la presi\u00f3n.<\/li>\n<li>Debe contemplar los requisitos adecuados para que garanticen la conducci\u00f3n del fluido con total garant\u00eda.<\/li>\n<\/ul>\n<p>Para garantizar el cumplimiento de estos requisitos a nivel internacional existen ciertas normas. En nuestro pa\u00eds no tenemos normalizaci\u00f3n propia pero las normas norteamericanas est\u00e1n muy bien difundidas.<\/p>\n<ul>\n<li>ASTM ( American Society for Testing Materials).<\/li>\n<li>ANSI ( American National Standards Institute)<\/li>\n<li>AWWA (American Water Works Association).<\/li>\n<li>PFI (Pipe Fabrication Instituta).<\/li>\n<li>ISO (Institute Standard Organization)<\/li>\n<\/ul>\n","protected":false},"excerpt":{"rendered":"<p>El tubo se diferencia seg\u00fan su aplicaci\u00f3n y el uso que se le va a dar. Existen sustancias fluidas de diversas naturaleza, las cuales requieren tubos conductores de diversos materiales y dimensiones. Los tubos de acero inoxidable deben reunir ciertos requisitos: El material no puede ser atacado por la naturaleza del fluido que conduce. El [&hellip;]<\/p>\n","protected":false},"author":4,"featured_media":0,"parent":4339,"menu_order":1,"comment_status":"open","ping_status":"closed","template":"","meta":{"footnotes":""},"class_list":["post-4340","page","type-page","status-publish","hentry"],"_links":{"self":[{"href":"https:\/\/jnaceros.com.pe\/blog\/wp-json\/wp\/v2\/pages\/4340","targetHints":{"allow":["GET"]}}],"collection":[{"href":"https:\/\/jnaceros.com.pe\/blog\/wp-json\/wp\/v2\/pages"}],"about":[{"href":"https:\/\/jnaceros.com.pe\/blog\/wp-json\/wp\/v2\/types\/page"}],"author":[{"embeddable":true,"href":"https:\/\/jnaceros.com.pe\/blog\/wp-json\/wp\/v2\/users\/4"}],"replies":[{"embeddable":true,"href":"https:\/\/jnaceros.com.pe\/blog\/wp-json\/wp\/v2\/comments?post=4340"}],"version-history":[{"count":0,"href":"https:\/\/jnaceros.com.pe\/blog\/wp-json\/wp\/v2\/pages\/4340\/revisions"}],"up":[{"embeddable":true,"href":"https:\/\/jnaceros.com.pe\/blog\/wp-json\/wp\/v2\/pages\/4339"}],"wp:attachment":[{"href":"https:\/\/jnaceros.com.pe\/blog\/wp-json\/wp\/v2\/media?parent=4340"}],"curies":[{"name":"wp","href":"https:\/\/api.w.org\/{rel}","templated":true}]}}