{"id":4339,"date":"2013-12-09T17:14:42","date_gmt":"2013-12-09T22:14:42","guid":{"rendered":"http:\/\/www.jnaceros.com.pe\/blog\/?page_id=154"},"modified":"2020-08-06T12:43:49","modified_gmt":"2020-08-06T17:43:49","slug":"tubos-acero-inoxidable","status":"publish","type":"page","link":"https:\/\/jnaceros.com.pe\/blog\/tubos-acero-inoxidable\/","title":{"rendered":"Tubos de Acero Inoxidable &#8211; Introducci\u00f3n"},"content":{"rendered":"<p>Basta dar una mirada alrededor y nos podremos dar cuenta que el uso del acero inoxidable en la industria moderna est\u00e1 cada vez m\u00e1s desarrollado y no s\u00f3lo por sus propiedades mec\u00e1nicas, alta resistencia a la corrosi\u00f3n, larga durabilidad, bajo costo de mantenimiento, sino tambi\u00e9n por su apariencia inmejorable.<\/p>\n<p>Lo encontramos en m\u00faltiples aplicaciones como son la metalmec\u00e1nica, pesca, agroindustria, miner\u00eda, alimentaria, transporte automotriz, etc.<\/p>\n<h2>\u00bfEn cuantos tipos se pueden clasificar?<\/h2>\n<p>B\u00e1sicamente en dos:<\/p>\n<ol>\n<li>El tubo como soporte estructural.- En edificaciones, construccion de maquinarias y equipos en la industria automotriz, etc, debido a su alto factor de resistencia\/ peso (alta resistencia mec\u00e1nica y poco peso).<\/li>\n<li>El tubo como conductor de fluidos.- Sabemos que existen fluidos de diversa naturaleza (agua, aire, gases,combustibles, aceites, acidos, vapores y diversas sustancias qu\u00edmicas).Las condiciones de temperatura y presi\u00f3n a que son sometidos estos fluidos tambi\u00e9n son muy diversos . Entonces los materiales con que est\u00e1n fabricados estos tubos, as\u00ed como las dimensiones y espesor de pared deben estar en concordancia con la temperatura y presi\u00f3n de los fluidos que conduce.<\/li>\n<\/ol>\n<h1><a href=\"https:\/\/jnaceros.com.pe\/blog\/tubos-acero-inoxidable\/nomenclatura\/\">1. Nomenclatura<\/a><\/h1>\n<p>El tubo se diferencia seg\u00fan su aplicaci\u00f3n y el uso que se le va a dar.<\/p>\n<p>Existen sustancias fluidas de diversas naturaleza, las cuales requieren tubos conductores de diversos materiales y dimensiones. Los tubos de acero inoxidable deben reunir ciertos requisitos.<\/p>\n<h1><a href=\"https:\/\/jnaceros.com.pe\/blog\/tubos-acero-inoxidable\/clasificacion-tubos-material\/\">2. Clasificaci\u00f3n<\/a><\/h1>\n<h1><a href=\"https:\/\/jnaceros.com.pe\/blog\/tubos-acero-inoxidable\/tipos-tubos\/\">3. Tipos<\/a><\/h1>\n<p>Seg\u00fan la norma americana existen dos tipos de tubos.<\/p>\n<h1><a href=\"https:\/\/jnaceros.com.pe\/blog\/tubos-acero-inoxidable\/tubos-sin-costura\/\">4. Tubos Sin Costura<\/a><\/h1>\n<p>Una forma de presentaci\u00f3n son los tubos sin costura, su aplicaci\u00f3n se da en diversa industrias.<\/p>\n<h1><a href=\"https:\/\/jnaceros.com.pe\/blog\/tubos-acero-inoxidable\/tubos-con-costura\/\">5. Tubos Con Costura<\/a><\/h1>\n<p>Este tipo de tubos se forma por partes permitiendo alcanzar el di\u00e1metro y espesor deseado, mayores que los tubos sin costura.<\/p>\n<h1><a href=\"https:\/\/jnaceros.com.pe\/blog\/tubos-acero-inoxidable\/tipos-tubos-acero-inoxidable\/\">6. Tipos de Tubos de Acero Inoxidable<\/a><\/h1>\n<p>Dentro de los tubos comunes (PIPE) y los tubos especiales (TUBING) podemos se\u00f1alar los siguientes tipos de tubos de acero inoxidable.<\/p>\n","protected":false},"excerpt":{"rendered":"<p>Basta dar una mirada alrededor y nos podremos dar cuenta que el uso del acero inoxidable en la industria moderna est\u00e1 cada vez m\u00e1s desarrollado y no s\u00f3lo por sus propiedades mec\u00e1nicas, alta resistencia a la corrosi\u00f3n, larga durabilidad, bajo costo de mantenimiento, sino tambi\u00e9n por su apariencia inmejorable. Lo encontramos en m\u00faltiples aplicaciones como [&hellip;]<\/p>\n","protected":false},"author":4,"featured_media":0,"parent":0,"menu_order":2,"comment_status":"open","ping_status":"closed","template":"","meta":{"footnotes":""},"class_list":["post-4339","page","type-page","status-publish","hentry"],"_links":{"self":[{"href":"https:\/\/jnaceros.com.pe\/blog\/wp-json\/wp\/v2\/pages\/4339","targetHints":{"allow":["GET"]}}],"collection":[{"href":"https:\/\/jnaceros.com.pe\/blog\/wp-json\/wp\/v2\/pages"}],"about":[{"href":"https:\/\/jnaceros.com.pe\/blog\/wp-json\/wp\/v2\/types\/page"}],"author":[{"embeddable":true,"href":"https:\/\/jnaceros.com.pe\/blog\/wp-json\/wp\/v2\/users\/4"}],"replies":[{"embeddable":true,"href":"https:\/\/jnaceros.com.pe\/blog\/wp-json\/wp\/v2\/comments?post=4339"}],"version-history":[{"count":1,"href":"https:\/\/jnaceros.com.pe\/blog\/wp-json\/wp\/v2\/pages\/4339\/revisions"}],"predecessor-version":[{"id":4371,"href":"https:\/\/jnaceros.com.pe\/blog\/wp-json\/wp\/v2\/pages\/4339\/revisions\/4371"}],"wp:attachment":[{"href":"https:\/\/jnaceros.com.pe\/blog\/wp-json\/wp\/v2\/media?parent=4339"}],"curies":[{"name":"wp","href":"https:\/\/api.w.org\/{rel}","templated":true}]}}