{"id":4331,"date":"2014-02-06T21:02:55","date_gmt":"2014-02-07T02:02:55","guid":{"rendered":"http:\/\/www.jnaceros.com.pe\/blog\/?page_id=304"},"modified":"2014-02-06T21:02:55","modified_gmt":"2014-02-07T02:02:55","slug":"alambron","status":"publish","type":"page","link":"https:\/\/jnaceros.com.pe\/blog\/productos-largos-acero-inoxidable\/alambron\/","title":{"rendered":"Alambr\u00f3n de Acero Inoxidable"},"content":{"rendered":"<h2>Especificaciones del Alambr\u00f3n<\/h2>\n<ul>\n<li>Di\u00e1metro: 4.70 mm a 27.00 mm<\/li>\n<li>Peso por rollo: 325 &#8211; 425 kg<\/li>\n<li>Di\u00e1metro exterior: 1200 &#8211; 1300 mm<\/li>\n<li>Di\u00e1metro interior: 800 &#8211; 900 mm<\/li>\n<li>Suministro: Fardos 1,500 kg<\/li>\n<li>Acabado superficial: decapado, con recubrimiento<\/li>\n<\/ul>\n<h2>Tabla de Tolerancias de Alambr\u00f3n<\/h2>\n<p><a href=\"https:\/\/jnaceros.com.pe\/blog\/wp-content\/uploads\/tabla-tolerancias-alambron-acero-inoxidable-2.png\"><img loading=\"lazy\" decoding=\"async\" class=\"alignnone wp-image-305 size-large\" title=\"Tolerancia de Alambron | Acero Inoxidable\" src=\"https:\/\/jnaceros.com.pe\/blog\/wp-content\/uploads\/tabla-tolerancias-alambron-acero-inoxidable-2-1024x337.png\" alt=\"tabla de tolerancias del alambron de acero inoxidable\" width=\"625\" height=\"205\" \/><\/a><\/p>\n<p>&nbsp;<\/p>\n<p>Las tolerancias cumplen las normas:<\/p>\n<ul>\n<li>ASTM A-555<\/li>\n<li>DIN 1013P<\/li>\n<li>DIN 59115B<\/li>\n<\/ul>\n<h2>Propiedades Mec\u00e1nicas Medias del Alambr\u00f3n<\/h2>\n<p><a href=\"https:\/\/jnaceros.com.pe\/blog\/wp-content\/uploads\/propiedades-mecanicas-alambron-acero-inoxidable-2.png\"><img loading=\"lazy\" decoding=\"async\" class=\"alignnone wp-image-306 size-large\" title=\"Propiedades Mecanicas de Alambron | Acero Inoxidable\" src=\"https:\/\/jnaceros.com.pe\/blog\/wp-content\/uploads\/propiedades-mecanicas-alambron-acero-inoxidable-2-1024x442.png\" alt=\"propiedades mecanicas del alambron de acero inoxidable\" width=\"625\" height=\"269\" \/><\/a><\/p>\n","protected":false},"excerpt":{"rendered":"<p>Especificaciones del Alambr\u00f3n Di\u00e1metro: 4.70 mm a 27.00 mm Peso por rollo: 325 &#8211; 425 kg Di\u00e1metro exterior: 1200 &#8211; 1300 mm Di\u00e1metro interior: 800 &#8211; 900 mm Suministro: Fardos 1,500 kg Acabado superficial: decapado, con recubrimiento Tabla de Tolerancias de Alambr\u00f3n &nbsp; Las tolerancias cumplen las normas: ASTM A-555 DIN 1013P DIN 59115B Propiedades [&hellip;]<\/p>\n","protected":false},"author":4,"featured_media":0,"parent":4330,"menu_order":1,"comment_status":"open","ping_status":"closed","template":"","meta":{"footnotes":""},"class_list":["post-4331","page","type-page","status-publish","hentry"],"_links":{"self":[{"href":"https:\/\/jnaceros.com.pe\/blog\/wp-json\/wp\/v2\/pages\/4331","targetHints":{"allow":["GET"]}}],"collection":[{"href":"https:\/\/jnaceros.com.pe\/blog\/wp-json\/wp\/v2\/pages"}],"about":[{"href":"https:\/\/jnaceros.com.pe\/blog\/wp-json\/wp\/v2\/types\/page"}],"author":[{"embeddable":true,"href":"https:\/\/jnaceros.com.pe\/blog\/wp-json\/wp\/v2\/users\/4"}],"replies":[{"embeddable":true,"href":"https:\/\/jnaceros.com.pe\/blog\/wp-json\/wp\/v2\/comments?post=4331"}],"version-history":[{"count":0,"href":"https:\/\/jnaceros.com.pe\/blog\/wp-json\/wp\/v2\/pages\/4331\/revisions"}],"up":[{"embeddable":true,"href":"https:\/\/jnaceros.com.pe\/blog\/wp-json\/wp\/v2\/pages\/4330"}],"wp:attachment":[{"href":"https:\/\/jnaceros.com.pe\/blog\/wp-json\/wp\/v2\/media?parent=4331"}],"curies":[{"name":"wp","href":"https:\/\/api.w.org\/{rel}","templated":true}]}}