{"id":4330,"date":"2014-02-06T20:56:50","date_gmt":"2014-02-07T01:56:50","guid":{"rendered":"http:\/\/www.jnaceros.com.pe\/blog\/?page_id=302"},"modified":"2020-08-06T12:55:37","modified_gmt":"2020-08-06T17:55:37","slug":"productos-largos-acero-inoxidable","status":"publish","type":"page","link":"https:\/\/jnaceros.com.pe\/blog\/productos-largos-acero-inoxidable\/","title":{"rendered":"Productos Largos de Acero Inoxidable"},"content":{"rendered":"<p>Las propiedades y caracter\u00edsticas del acero inoxidable hacen que su versatilidad sea muy variada, pudiendo obtener formas y tama\u00f1os distintos que ofrecen adem\u00e1s resistencia mecanica, est\u00e9tica y resistencia a la corrosi\u00f3n. Esto hace muy amplio el abanico de posibilidades para su uso.<\/p>\n<p>Dentro de los productos largos de acero inoxidable que m\u00e1s se utilizan se hallan los siguientes:<\/p>\n<h1><a href=\"https:\/\/jnaceros.com.pe\/blog\/productos-largos-acero-inoxidable\/alambron\/\">1. Alambr\u00f3n<\/a><\/h1>\n<h1><a href=\"https:\/\/jnaceros.com.pe\/blog\/productos-largos-acero-inoxidable\/barras-varillas\/\">2. Barras y Varillas<\/a><\/h1>\n<h1><a href=\"https:\/\/jnaceros.com.pe\/blog\/productos-largos-acero-inoxidable\/angulos-dimensiones-tolerancias\/\">3. \u00c1ngulos<\/a><\/h1>\n","protected":false},"excerpt":{"rendered":"<p>Las propiedades y caracter\u00edsticas del acero inoxidable hacen que su versatilidad sea muy variada, pudiendo obtener formas y tama\u00f1os distintos que ofrecen adem\u00e1s resistencia mecanica, est\u00e9tica y resistencia a la corrosi\u00f3n. Esto hace muy amplio el abanico de posibilidades para su uso. Dentro de los productos largos de acero inoxidable que m\u00e1s se utilizan se [&hellip;]<\/p>\n","protected":false},"author":4,"featured_media":0,"parent":0,"menu_order":0,"comment_status":"closed","ping_status":"closed","template":"","meta":{"footnotes":""},"class_list":["post-4330","page","type-page","status-publish","hentry"],"_links":{"self":[{"href":"https:\/\/jnaceros.com.pe\/blog\/wp-json\/wp\/v2\/pages\/4330","targetHints":{"allow":["GET"]}}],"collection":[{"href":"https:\/\/jnaceros.com.pe\/blog\/wp-json\/wp\/v2\/pages"}],"about":[{"href":"https:\/\/jnaceros.com.pe\/blog\/wp-json\/wp\/v2\/types\/page"}],"author":[{"embeddable":true,"href":"https:\/\/jnaceros.com.pe\/blog\/wp-json\/wp\/v2\/users\/4"}],"replies":[{"embeddable":true,"href":"https:\/\/jnaceros.com.pe\/blog\/wp-json\/wp\/v2\/comments?post=4330"}],"version-history":[{"count":1,"href":"https:\/\/jnaceros.com.pe\/blog\/wp-json\/wp\/v2\/pages\/4330\/revisions"}],"predecessor-version":[{"id":4373,"href":"https:\/\/jnaceros.com.pe\/blog\/wp-json\/wp\/v2\/pages\/4330\/revisions\/4373"}],"wp:attachment":[{"href":"https:\/\/jnaceros.com.pe\/blog\/wp-json\/wp\/v2\/media?parent=4330"}],"curies":[{"name":"wp","href":"https:\/\/api.w.org\/{rel}","templated":true}]}}