{"id":4312,"date":"2013-11-05T12:48:41","date_gmt":"2013-11-05T17:48:41","guid":{"rendered":"http:\/\/www.jnaceros.com.pe\/blog\/?page_id=96"},"modified":"2013-11-05T12:48:41","modified_gmt":"2013-11-05T17:48:41","slug":"limpieza-mantenimiento-articulos-acero","status":"publish","type":"page","link":"https:\/\/jnaceros.com.pe\/blog\/acero-inoxidable-introduccion\/limpieza-mantenimiento-articulos-acero\/","title":{"rendered":"Limpieza y Mantenimiento de Articulos Fabricados con Aceros Inoxidables"},"content":{"rendered":"<p>Seguir ciertas precauciones para conservar un art\u00edculo hecho a base de acero inoxidable no esta dem\u00e1s, esto nos asegura una larga vida del producto.<\/p>\n<p>Los materiales de acero inoxidable de uso corriente comercial o en el hogar, como cubiertos, ollas, fregaderos, cocinas, vitrinas, etc., si se lavan despu\u00e9s de su uso no ofrecen ning\u00fan problema. Pero si estos materiales se dejan sin lavar, y contienen adherencias salinas, grasas o est\u00e1n en contacto, con otros materiales f\u00e9rricos, ser produce cambio de color y surgen problemas de oxidaci\u00f3n.<\/p>\n<h2>a) Precauciones para evitar manchas y moho que originan oxidaci\u00f3n:<\/h2>\n<ul>\n<li>Evitar dejar durante cierto tiempo adherencias salinas, como salsas o dejar restos de comida en el fondo de las ollas.<\/li>\n<li>\u00a0Evitar dejar restos de sustancias grasas sobre la superficie del inoxidable, como mayonesa, mantequilla, etc.<\/li>\n<li>Evitar que el acero inoxidable se mantenga en contacto con otros articulos de hierro, como cuchillos, sartenes, estropajos, etc.<\/li>\n<li>Evitar que se acumulen restos de suciedad en las esquinas de los fregaderos.<\/li>\n<\/ul>\n<h2>b) El m\u00e9todo a seguir para realizar un buen mantenimiento a los art\u00edculos de acero inoxidable, debe ser el siguiente:<\/h2>\n<ul>\n<li>Lavar con abundante agua despu\u00e9s de su uso.<\/li>\n<li>En caso de conservar adherencias salinas o de grasa, eliminar con detergente o jab\u00f3n empleando esponjas o cepillos de nylon.<\/li>\n<li>Para eliminar los fondos quemados de las ollas, primero hay que disolver estos restos con disolventes neutros, luego frotar con estropajo de inoxidable o esponja, en caso de que no se eliminen utilizar un abrasivo fino.<\/li>\n<li>En caso de aparecer un color marr\u00f3n amarillento, hay que limpiar bien con estropajo de inoxidable, utilizando detergente o jab\u00f3n con abundante agua.<\/li>\n<li>En caso de aparecer moho en la superficie frontal siempre en sentido de las l\u00edneas de esmerilado en caso de material pulido, con esponja o estropajo de inoxidable utilizando abrasivos finos como piedra p\u00f3mez o polvo de aluminio, cuando la superficie este m\u00e1s afectada, al final de la operaci\u00f3n utilizar abundante agua para eliminar los restos de productos utilizados.<\/li>\n<li>Si aparecen manchas fuertes producidas por la contaminaci\u00f3n industrial, frotar sobre la parte afectada una mezcla de vinagre con piedra p\u00f3mez, o polvo de aluminio. Los fabricantes de articulos inoxidables, deben aconsejar a sus clientes en el manual del producto o por medio de stickers como por ejemplo en las vitrinas, fregaderos, etc., de los productos que son perjudiciales como lej\u00eda, agua fuerte, productos clorados, etc., as\u00ed se evitan reclamos y devoluciones.<\/li>\n<\/ul>\n","protected":false},"excerpt":{"rendered":"<p>Seguir ciertas precauciones para conservar un art\u00edculo hecho a base de acero inoxidable no esta dem\u00e1s, esto nos asegura una larga vida del producto. Los materiales de acero inoxidable de uso corriente comercial o en el hogar, como cubiertos, ollas, fregaderos, cocinas, vitrinas, etc., si se lavan despu\u00e9s de su uso no ofrecen ning\u00fan problema. [&hellip;]<\/p>\n","protected":false},"author":4,"featured_media":0,"parent":4289,"menu_order":13,"comment_status":"open","ping_status":"closed","template":"","meta":{"footnotes":""},"class_list":["post-4312","page","type-page","status-publish","hentry"],"_links":{"self":[{"href":"https:\/\/jnaceros.com.pe\/blog\/wp-json\/wp\/v2\/pages\/4312","targetHints":{"allow":["GET"]}}],"collection":[{"href":"https:\/\/jnaceros.com.pe\/blog\/wp-json\/wp\/v2\/pages"}],"about":[{"href":"https:\/\/jnaceros.com.pe\/blog\/wp-json\/wp\/v2\/types\/page"}],"author":[{"embeddable":true,"href":"https:\/\/jnaceros.com.pe\/blog\/wp-json\/wp\/v2\/users\/4"}],"replies":[{"embeddable":true,"href":"https:\/\/jnaceros.com.pe\/blog\/wp-json\/wp\/v2\/comments?post=4312"}],"version-history":[{"count":0,"href":"https:\/\/jnaceros.com.pe\/blog\/wp-json\/wp\/v2\/pages\/4312\/revisions"}],"up":[{"embeddable":true,"href":"https:\/\/jnaceros.com.pe\/blog\/wp-json\/wp\/v2\/pages\/4289"}],"wp:attachment":[{"href":"https:\/\/jnaceros.com.pe\/blog\/wp-json\/wp\/v2\/media?parent=4312"}],"curies":[{"name":"wp","href":"https:\/\/api.w.org\/{rel}","templated":true}]}}