{"id":4309,"date":"2013-10-29T11:01:06","date_gmt":"2013-10-29T16:01:06","guid":{"rendered":"http:\/\/www.jnaceros.com.pe\/blog\/?page_id=85"},"modified":"2013-10-29T11:01:06","modified_gmt":"2013-10-29T16:01:06","slug":"arquitectura-construccion","status":"publish","type":"page","link":"https:\/\/jnaceros.com.pe\/blog\/acero-inoxidable-introduccion\/arquitectura-construccion\/","title":{"rendered":"El Acero Inoxidable En La Arquitectura y Construcci\u00f3n"},"content":{"rendered":"<p>A inicios del siglo XXI este material es indispensable para cualquier gran proyecto de construcci\u00f3n.<\/p>\n<p>Costo y facilidad de manejo del material permitieron su inclusi\u00f3n en este sector con gran \u00e9xito.<\/p>\n<p>El acero inoxidable se utiliz\u00f3 por primera vez en la arquitectura de los a\u00f1os 20, se consider\u00f3 un material para edificios de gran prestigio y muy costosos.El desarrollo de las t\u00e9cnicas de producci\u00f3n redujo el costo del acero inoxidable en t\u00e9rminos reales, y la imagen del material semiprecioso desapareci\u00f3, ahora es un material a costo-beneficio muy atractivo para una gran variedad de aplicaciones en la arquitectura y construcci\u00f3n.<br \/>\nDe m\u00e1s de 200 tipos de acero inoxidable existentes, tres resuelven las necesidades de las aplicaciones en la arquitectura y construcci\u00f3n.<\/p>\n<p>ACERO INOXIDABLE AUSTEN\u00cdTICO AISI 304:<br \/>\nContiene 18% de Cromo y 8%de N\u00edquel, este \u00faltimo incrementa la resistencia a la corrosi\u00f3n. Es el m\u00e1s utilizado en aplicaciones a intemperie.<\/p>\n<p>ACERO INOXIDABLE AUSTEN\u00cdTICO AISI 316:<br \/>\nContiene 17 a 18% de Cromo, 12% de N\u00edquel y 2.5% de Molibdeno.Este \u00faltimo y el incremento de los otros dos lo hacen m\u00e1s resistente a la corrosi\u00f3n, especialmente al ataque de cloruros. Recomendamos su utilizaci\u00f3n en costas y en donde se presenten estos halogenuros.<\/p>\n<p>ACERO INOXIDABLE FERRITICO AISI A430:<br \/>\nContiene 17% DE Cromo. Es apropiado para aplicaciones interiores y decoraci\u00f3n. Su brillo es apreciado en revestimientos de muros, columnas y techos.<\/p>\n<p>El arquitecto o ingeniero para seleccionar el material debe tomar en cuenta lo siguiente:<\/p>\n<p><strong>a) Ubicaci\u00f3n del Proyecto o Ambiente al que va a ser Expuesto:<\/strong><\/p>\n<p>Los ambientes se clasifican del menos agresivo al m\u00e1s agresivo para este metal en rural, urbano, industrial y marino.<\/p>\n<p>La resistencia a la corrosi\u00f3n y el tipo de ambiente al que ser\u00e1 expuesto es el factor indispensable en la selecci\u00f3n adecuada.Para un ambiente rural o urbano lejos de la costa un acero inoxidable ferritico AISI 430 es el adecuado.<\/p>\n<p>En un ambiente urbano con gran cantidad de contaminantes o en un ambiente industrial, el acero inoxidable austen\u00edtico AISI 304 es el adecuado.<\/p>\n<p>En un ambiente marino el acero inoxidable austen\u00edtico AISI 316 es el adecuado; aunque es necesario analizar caso por caso y tomarlo como una regla general.<\/p>\n<p><strong>b) Proceso de Fabricaci\u00f3n al que Ser\u00e1 Sometido:<\/strong><\/p>\n<p>Los procesos de fabricaci\u00f3n a utilizar en la elaboraci\u00f3n de la pieza arquitect\u00f3nica es importante ya que la mayor\u00eda de estos pueden llegar a alterar las propiedades de resistencia a la corrosi\u00f3n, propiedades mec\u00e1nicas, acabados, etc.<\/p>\n<p>Acabado Superficial:<br \/>\nEn el caso de recubrimientos de fachadas las hojas del acero deben provenir del mismo molino laminador para evitar diferencias.<\/p>\n<p>Acabado Espejo:<br \/>\nPara un acabado espejo se debe modular adecuadamente para evitar el efecto lata y evitar el alcance de las manos.<\/p>\n<p>Acabado Pulido:<br \/>\nColocar los paneles en el sentido de las l\u00edneas en la misma direcci\u00f3n para evitar diferencias de un panel a otro.<\/p>\n<p><strong>c) Limpieza de la Superficie:<\/strong><\/p>\n<p>Solo se requiere limpieza de su superficie ya sea con el lavado natural de la lluvia o lavado con agua peri\u00f3dicamente. Cuando se utiliza el pulido por abrasi\u00f3n, el sentido de las l\u00edneas debe ser vertical.<\/p>\n<p><strong>d) Algunas Caracter\u00edsticas del uso del Acero Inoxidable en la Arquitectura:<\/strong><\/p>\n<ul>\n<li>Resistencia a la corrosi\u00f3n, mantiene la apariencia original.<\/li>\n<li>Armon\u00eda arquitect\u00f3nica con otros materiales de la construcci\u00f3n.<\/li>\n<li>Mantenimiento m\u00ednimo durante la vida del servicio. Solo requiere lavarse peri\u00f3dicamente.<\/li>\n<li>Es el material m\u00e1s resistente utilizado en la construcci\u00f3n.<\/li>\n<li>Larga vida y bajo costo de mantenimiento.<\/li>\n<\/ul>\n<p>&lt;h2&gt;\u00bfQu\u00e9 problemas encuentran los arquitectos en el trabajo con el acero inoxidable?&lt;\/h2&gt;<br \/>\nPUEDEN SER VARIOS, POR ESO DURANTE EL DISE\u00d1O LOS ARQUITECTOS DEBER\u00c1N EVITAR EN LO POSIBLE LO SIGUIENTE:<\/p>\n<p><strong>Corrosi\u00f3n Galv\u00e1nica.-<\/strong> La corrosi\u00f3n galv\u00e1nica ocurre cuando dos metales o aleaciones distintas permanecen en contacto el\u00e9ctrico en presencia de un electrolito, como por ejemplo simplemente la humedad del medio ambiente.<\/p>\n<p><strong>Corrosi\u00f3n por Cavidades.-<\/strong> Este tipo de corrosi\u00f3n ocurre cuando la superficie del acero inoxidable no mantiene contacto con el ox\u00edgeno del aire. Para evitar esta corrosi\u00f3n es preferible eliminar las hendiduras o grietas y \u00e1reas de estancado en el dise\u00f1o.<\/p>\n<p><strong>Corrosi\u00f3n por Picaduras.-<\/strong> Esta forma de corrosi\u00f3n generalmente se presenta en un ambiente demasiado agresivo, en particular cerca de la costa donde existe concentraci\u00f3n de cloruros en el agua del mar. Esto puede ser evitado con una correcta selecci\u00f3n del acero inoxidable.<\/p>\n<p><strong>e) Principales Aplicaciones del Acero Inoxidable:<\/strong><\/p>\n<p>La aplicaci\u00f3n del acero inoxidable en construcci\u00f3n es diversa, dentro de las principales aplicaciones se encuentran:<\/p>\n<ul>\n<li>El revestimiento de fachadas e interiores de edificios residenciales, centros comerciales, estadios, hoteles, etc.<\/li>\n<li>Modulares, escaparates, puertas y entradas.<\/li>\n<li>Remates de muros, recubrimientos de columnas, techos y estructuras de techos.<\/li>\n<li>Escaleras, barandas y una gran cantidad de mobiliario urbano.<\/li>\n<\/ul>\n<p>En el mundo se encuentran ejemplos notables como:<\/p>\n<ul>\n<li>Puerta de Europa en Madrid Espa\u00f1a.<\/li>\n<li>Catedral de Cristal de Garden Grove en California-Estados Unidos.<\/li>\n<li>El metro de Bilbao en Espa\u00f1a.<\/li>\n<li>Aeropuerto de Palma en Mallorca-Espa\u00f1a.<\/li>\n<\/ul>\n<p>En el Per\u00fa tenemos ejemplos muy significativos aplicados en los principales bancos, centros comerciales, empresas de telecomunicaciones, entre otros.<\/p>\n<p>&nbsp;<\/p>\n","protected":false},"excerpt":{"rendered":"<p>A inicios del siglo XXI este material es indispensable para cualquier gran proyecto de construcci\u00f3n. Costo y facilidad de manejo del material permitieron su inclusi\u00f3n en este sector con gran \u00e9xito. El acero inoxidable se utiliz\u00f3 por primera vez en la arquitectura de los a\u00f1os 20, se consider\u00f3 un material para edificios de gran prestigio [&hellip;]<\/p>\n","protected":false},"author":4,"featured_media":0,"parent":4289,"menu_order":10,"comment_status":"open","ping_status":"closed","template":"","meta":{"footnotes":""},"class_list":["post-4309","page","type-page","status-publish","hentry"],"_links":{"self":[{"href":"https:\/\/jnaceros.com.pe\/blog\/wp-json\/wp\/v2\/pages\/4309","targetHints":{"allow":["GET"]}}],"collection":[{"href":"https:\/\/jnaceros.com.pe\/blog\/wp-json\/wp\/v2\/pages"}],"about":[{"href":"https:\/\/jnaceros.com.pe\/blog\/wp-json\/wp\/v2\/types\/page"}],"author":[{"embeddable":true,"href":"https:\/\/jnaceros.com.pe\/blog\/wp-json\/wp\/v2\/users\/4"}],"replies":[{"embeddable":true,"href":"https:\/\/jnaceros.com.pe\/blog\/wp-json\/wp\/v2\/comments?post=4309"}],"version-history":[{"count":0,"href":"https:\/\/jnaceros.com.pe\/blog\/wp-json\/wp\/v2\/pages\/4309\/revisions"}],"up":[{"embeddable":true,"href":"https:\/\/jnaceros.com.pe\/blog\/wp-json\/wp\/v2\/pages\/4289"}],"wp:attachment":[{"href":"https:\/\/jnaceros.com.pe\/blog\/wp-json\/wp\/v2\/media?parent=4309"}],"curies":[{"name":"wp","href":"https:\/\/api.w.org\/{rel}","templated":true}]}}