{"id":4306,"date":"2013-10-29T10:48:17","date_gmt":"2013-10-29T15:48:17","guid":{"rendered":"http:\/\/www.jnaceros.com.pe\/blog\/?page_id=80"},"modified":"2013-10-29T10:48:17","modified_gmt":"2013-10-29T15:48:17","slug":"corte-doblez","status":"publish","type":"page","link":"https:\/\/jnaceros.com.pe\/blog\/acero-inoxidable-introduccion\/corte-doblez\/","title":{"rendered":"Corte y Doblez del Acero Inoxidable"},"content":{"rendered":"<p>El acero inoxidable puede tener la forma que desee. Este es un procedimiento que no debe ser complicado y el material debe darnos las facilidades. Existen diferentes m\u00e9todos a los que puede ser sometido.<\/p>\n<p>Existen varios procesos de transformaci\u00f3n a los que se someten los aceros inoxidables, pero m\u00e1s utilizados son: El corte y el doblez.<\/p>\n<h2>a) El Corte<\/h2>\n<p>Esta es la primera operaci\u00f3n para realizar el corte se cuenta con una variedad de procesos, como:<\/p>\n<p><strong>El Corte de Acero Inoxidable en Prensas:<\/strong><br \/>\nLa operaci\u00f3n es muy similar mal corte de aceros al carbono, el tipo de prensa puede ser mecanica o hidraulica. Debido a las propiedades de los aceros inoxidables la resistencia al corte es mayor (sobre todo en los aceros inoxidables austen\u00edticos),por lo cual la fuerza necesaria ser\u00e1 el doble de la necesaria para cortar aceros al carbono.<\/p>\n<p>La relaci\u00f3n m\u00e1xima de fuerza para efectuar el corte de los aceros inoxidables se calcula con f\u00f3rmula:<\/p>\n<p>P=0.70\u00e3(max) h L<\/p>\n<p>Donde \u00e3(max) es el esfuerzo m\u00e1ximo de tensi\u00f3n del material en psi, h es el espesor del material en pg.,y L longitud o per\u00edmetro en pg.<\/p>\n<p><strong>El Corte Por Medio de Gases:<\/strong><br \/>\nEl oxicorte es un m\u00e9todo antiguo para cortar metales, en este proceso el calor es necesario para producir el corte y lo proporciona la reacci\u00f3n qu\u00edmica entre el ox\u00edgeno y el material a cortar.El calor se suministra por medio de un soplete.<\/p>\n<p><strong>El Plasma:<\/strong><br \/>\nEste proceso implica suministrar el calor generado por el arco el\u00e9ctrico que se genera entre un electrodo y el metal,en un medio gaseoso altamente ionizado.Las temperaturas alcanzadas son muy elevadas y el efecto del soplo necesario para desalojar el metal fundido,se origina por el efecto de estrangular el arco que pasa a trav\u00e9s del estrecho orificio de la boquilla y gas a gran presi\u00f3n. Los diferentes procesos de corte por plasma son: dual ,de alta definici\u00f3n y bajo agua (plasma normal).<\/p>\n<p>El L\u00e1ser:<br \/>\nHoy d\u00eda este tipo de corte es muy com\u00fan.Consiste en la formaci\u00f3n de un haz ce laser , generado por la exitacion del laser con una mezcla de gases CO2, Helio y Nitrogeno, mediante un suministro de energia de alto voltaje y baja corriente.La descarga electrica exita las moleculas de CO2 que posteriormente al volver a su nivel de energia original emiten fotones.La mezcla de gas se situa entre dos espejos colocados en ambos extremos del tubo, siendo uno totalmente reflector y el otro solo parcialmente,a fin de permitir la salida del haz.<\/p>\n<h2>b) El Doblez:<\/h2>\n<p>Se refiere a una deformaci\u00f3n pl\u00e1stica en fr\u00edo del material para obtener un perfilado sobre la superficie, la operaci\u00f3n se realiza en prensas dobladoras, mec\u00e1nicas o hidr\u00e1ulicas.Todos los aceros inoxidables pueden someterse a este tipo de conformado, obteniendo los mejores resultados con los aceros inoxidables austen\u00edticos.El proceso es similar al realizado en los aceros al carbono, pero se deben tomar en cuenta algunas variantes. La posici\u00f3n del eje de doblez se recomienda perpendicular a la direcci\u00f3n de laminaci\u00f3n, con lo que se obtendr\u00e1n mejores resultados.<\/p>\n<p><strong>Los Dados y Los Pisadores:<\/strong><br \/>\nPara realizar el doblez requerimos el dado y pisador que dar\u00e1n la forma al material. El ancho del dado tiene como m\u00ednimo 8 veces el espesor del material y el radio dado debe ser mayor que el radio del pisador en por lo menos una vez el espesor del material.<\/p>\n<p><strong>La Memoria del Material:<\/strong><br \/>\nLa tendencia del material a regresar a la forma original, conocida como memoria el\u00e1stica depende de los siguientes par\u00e1metros: El espesor de la l\u00e1mina el radio del doblez, el \u00e1ngulo de doblez, el tipo de material, el l\u00edmite el\u00e1stico del material y el tratamiento t\u00e9rmico del material<\/p>\n","protected":false},"excerpt":{"rendered":"<p>El acero inoxidable puede tener la forma que desee. Este es un procedimiento que no debe ser complicado y el material debe darnos las facilidades. Existen diferentes m\u00e9todos a los que puede ser sometido. Existen varios procesos de transformaci\u00f3n a los que se someten los aceros inoxidables, pero m\u00e1s utilizados son: El corte y el [&hellip;]<\/p>\n","protected":false},"author":4,"featured_media":0,"parent":4289,"menu_order":8,"comment_status":"open","ping_status":"closed","template":"","meta":{"footnotes":""},"class_list":["post-4306","page","type-page","status-publish","hentry"],"_links":{"self":[{"href":"https:\/\/jnaceros.com.pe\/blog\/wp-json\/wp\/v2\/pages\/4306","targetHints":{"allow":["GET"]}}],"collection":[{"href":"https:\/\/jnaceros.com.pe\/blog\/wp-json\/wp\/v2\/pages"}],"about":[{"href":"https:\/\/jnaceros.com.pe\/blog\/wp-json\/wp\/v2\/types\/page"}],"author":[{"embeddable":true,"href":"https:\/\/jnaceros.com.pe\/blog\/wp-json\/wp\/v2\/users\/4"}],"replies":[{"embeddable":true,"href":"https:\/\/jnaceros.com.pe\/blog\/wp-json\/wp\/v2\/comments?post=4306"}],"version-history":[{"count":0,"href":"https:\/\/jnaceros.com.pe\/blog\/wp-json\/wp\/v2\/pages\/4306\/revisions"}],"up":[{"embeddable":true,"href":"https:\/\/jnaceros.com.pe\/blog\/wp-json\/wp\/v2\/pages\/4289"}],"wp:attachment":[{"href":"https:\/\/jnaceros.com.pe\/blog\/wp-json\/wp\/v2\/media?parent=4306"}],"curies":[{"name":"wp","href":"https:\/\/api.w.org\/{rel}","templated":true}]}}