{"id":4302,"date":"2013-10-23T18:40:14","date_gmt":"2013-10-23T23:40:14","guid":{"rendered":"http:\/\/www.jnaceros.com.pe\/blog\/?page_id=73"},"modified":"2013-10-23T18:40:14","modified_gmt":"2013-10-23T23:40:14","slug":"acabado-superficial-aisi","status":"publish","type":"page","link":"https:\/\/jnaceros.com.pe\/blog\/acero-inoxidable-introduccion\/acabado-superficial-aisi\/","title":{"rendered":"Acabado Superficial (AISI)"},"content":{"rendered":"<p>Existen varios acabados superficiales para cada aplicaci\u00f3n. Conozca los diferentes pasos para conseguirlos.<\/p>\n<p>El uso de n\u00fameros y letras para definir el acabado superficial de los productos plano est\u00e1n generalizados en cuanto a tapas o planchas, planchas y flejes de acero.<\/p>\n<p>El Producto plano se produce por sucesivos aplastamientos: Laminaci\u00f3n de una palanquilla o chapon, el cual se puede realizar de las siguientes formas:<\/p>\n<p><strong>a) Laminado en caliente<\/strong><br \/>\nPara facilitar el aplastamiento de la palanquilla el material se calienta siendo la reducci\u00f3n del espesor mas rapida y facil. La superficie queda muy rugosa.<\/p>\n<p><strong>b) Laminado aL frio<\/strong><br \/>\nCuando se quiere afinar m\u00e1s el espesor de la palanquilla en tolerancia y en acabado superficial, se procede al aplastamiento del material pero sin calentarlo. La superficie queda m\u00e1s lisa.<\/p>\n<p><strong>c) Recocido<\/strong><br \/>\nUna vez que el material ha sido laminado,sea en caliente o en fr\u00edo, internamente a quedado muy tensionado y con estructura de MARTENSITA (atrae el im\u00e1n), para liberar tensiones y convertir toda la estructura interna en AUSTENITA (no atrae el im\u00e1n), es necesario darle un tratamiento t\u00e9rmico a 1,050 \u00b0C en un horno especial.<\/p>\n<p><strong>d) Decapado<\/strong><br \/>\nEl recocido tambi\u00e9n influye en la calidad superficial del acero inoxidable. Si dentro del horno hay aire normal, el material se oxida y la superficie queda cubierta de una cascarilla. al proceso de limpiar a esta cascarilla se le llama decapado. Esta superficie es m\u00e1s rugosa que cuando entro en el horno.el decapado realiza mediante \u00e1cidos como el n\u00edtrico y fluorh\u00eddrico.<\/p>\n<p>El ba\u00f1o tradicional de decapado es : 20 a 30% de \u00e1cido n\u00edtrico, 3 a 6% de \u00e1cido fluorh\u00eddrico y el resto agua. Para acelerar el proceso del ba\u00f1o se calienta entre 40 a 50 C\u00b0.<\/p>\n<p><strong>e) Tratamiento t\u00e9rmico Brillante: BA (Bright Annealing)<\/strong><\/p>\n<p>Sucede cuando durante el recocido se utiliza un gas no oxidante en lugar de aire dentro del horno, de tal manera que no se produce cascarilla que decapar, por lo tanto la superficie de salida es la misma que la de entrada a este t\u00e9rmino t\u00e9rmico se le llama BA.<\/p>\n<p>El producto plano de acero inoxidable, tambi\u00e9n puede tener un acabado por abrasi\u00f3n, los acabados N\u00b03 y N\u00b04 son los m\u00e1s utilizados en la producci\u00f3n de equipos para la industria alimentaria y se conocen como acabado sanitario.Para designar los acabado en las tuber\u00edas de acero inoxidable se utilizan los tama\u00f1os de grano de los abrasivos con los que se obtiene por ejemplo pulido de grano 80,120 ,180,320.<\/p>\n<p><a href=\"https:\/\/jnaceros.com.pe\/blog\/wp-content\/uploads\/acabados-acero-laminacion-abrasion.png\"><img loading=\"lazy\" decoding=\"async\" class=\"alignnone size-full wp-image-74\" src=\"https:\/\/jnaceros.com.pe\/blog\/wp-content\/uploads\/acabados-acero-laminacion-abrasion.png\" alt=\"Tablas de acabados por laminacion y abrasion\" width=\"592\" height=\"472\" \/><\/a><\/p>\n","protected":false},"excerpt":{"rendered":"<p>Existen varios acabados superficiales para cada aplicaci\u00f3n. Conozca los diferentes pasos para conseguirlos. El uso de n\u00fameros y letras para definir el acabado superficial de los productos plano est\u00e1n generalizados en cuanto a tapas o planchas, planchas y flejes de acero. El Producto plano se produce por sucesivos aplastamientos: Laminaci\u00f3n de una palanquilla o chapon, [&hellip;]<\/p>\n","protected":false},"author":4,"featured_media":0,"parent":4289,"menu_order":6,"comment_status":"open","ping_status":"closed","template":"","meta":{"footnotes":""},"class_list":["post-4302","page","type-page","status-publish","hentry"],"_links":{"self":[{"href":"https:\/\/jnaceros.com.pe\/blog\/wp-json\/wp\/v2\/pages\/4302","targetHints":{"allow":["GET"]}}],"collection":[{"href":"https:\/\/jnaceros.com.pe\/blog\/wp-json\/wp\/v2\/pages"}],"about":[{"href":"https:\/\/jnaceros.com.pe\/blog\/wp-json\/wp\/v2\/types\/page"}],"author":[{"embeddable":true,"href":"https:\/\/jnaceros.com.pe\/blog\/wp-json\/wp\/v2\/users\/4"}],"replies":[{"embeddable":true,"href":"https:\/\/jnaceros.com.pe\/blog\/wp-json\/wp\/v2\/comments?post=4302"}],"version-history":[{"count":0,"href":"https:\/\/jnaceros.com.pe\/blog\/wp-json\/wp\/v2\/pages\/4302\/revisions"}],"up":[{"embeddable":true,"href":"https:\/\/jnaceros.com.pe\/blog\/wp-json\/wp\/v2\/pages\/4289"}],"wp:attachment":[{"href":"https:\/\/jnaceros.com.pe\/blog\/wp-json\/wp\/v2\/media?parent=4302"}],"curies":[{"name":"wp","href":"https:\/\/api.w.org\/{rel}","templated":true}]}}