{"id":4298,"date":"2013-10-23T18:34:21","date_gmt":"2013-10-23T23:34:21","guid":{"rendered":"http:\/\/www.jnaceros.com.pe\/blog\/?page_id=65"},"modified":"2013-10-23T18:34:21","modified_gmt":"2013-10-23T23:34:21","slug":"propiedades-representativas-de-los-aceros-inoxidables","status":"publish","type":"page","link":"https:\/\/jnaceros.com.pe\/blog\/acero-inoxidable-introduccion\/propiedades-representativas-de-los-aceros-inoxidables\/","title":{"rendered":"Propiedades Representativas de los Aceros Inoxidables"},"content":{"rendered":"<p>Los aceros inoxidables se usan en gran n\u00famero de aplicaciones debido a su resistencia a una gran diversidad de medios corrosivos y porque conservan su aspecto brillante e inalterable en la mayor\u00eda de las condiciones normales de servicio.<\/p>\n<p><a href=\"https:\/\/jnaceros.com.pe\/blog\/wp-content\/uploads\/tabla-tipos-acero__p\u00e1gina_14_de_107_.png\"><img loading=\"lazy\" decoding=\"async\" class=\"alignnone size-full wp-image-66\" src=\"https:\/\/jnaceros.com.pe\/blog\/wp-content\/uploads\/tabla-tipos-acero__p\u00e1gina_14_de_107_.png\" alt=\"Tabla de Tipos de Acero\" width=\"593\" height=\"315\" \/><\/a><\/p>\n<p>La elecci\u00f3n de un tipo determinado de acero inoxidable se hace en base a sus contenidos en Carbono, Cromo, N\u00edquel y de un determinado n\u00famero de otros elementos, como pueden ser el Titanio, Niobio, Molibdeno, Vanadio etc. ya que la experiencia y los ensayos han demostrado que un metal de tal composici\u00f3n resiste al ataque del medio o de los medios que va a ser sometido.<\/p>\n<p>Junto con la elecci\u00f3n del tipo de acero, tambi\u00e9n se tiene que hacer la elecci\u00f3n del ACABADO SUPERFICIAL el cual esta clasificado seg\u00fan American Iron and Steel Institute (AISI).<\/p>\n<p><a href=\"https:\/\/jnaceros.com.pe\/blog\/wp-content\/uploads\/tabla-propiedades-aceros.png\"><img loading=\"lazy\" decoding=\"async\" class=\"alignnone size-full wp-image-68\" src=\"https:\/\/jnaceros.com.pe\/blog\/wp-content\/uploads\/tabla-propiedades-aceros.png\" alt=\"Tablas Propiedades de Aceros\" width=\"640\" height=\"666\" \/><\/a><\/p>\n<p><a href=\"https:\/\/jnaceros.com.pe\/blog\/wp-content\/uploads\/tablas-propiedades-aceros2.png\"><img loading=\"lazy\" decoding=\"async\" class=\"alignnone size-full wp-image-70\" src=\"https:\/\/jnaceros.com.pe\/blog\/wp-content\/uploads\/tablas-propiedades-aceros2.png\" alt=\"Tabla de propiedades de aceros\" width=\"645\" height=\"443\" \/><\/a><\/p>\n","protected":false},"excerpt":{"rendered":"<p>Los aceros inoxidables se usan en gran n\u00famero de aplicaciones debido a su resistencia a una gran diversidad de medios corrosivos y porque conservan su aspecto brillante e inalterable en la mayor\u00eda de las condiciones normales de servicio. La elecci\u00f3n de un tipo determinado de acero inoxidable se hace en base a sus contenidos en [&hellip;]<\/p>\n","protected":false},"author":4,"featured_media":0,"parent":4289,"menu_order":5,"comment_status":"open","ping_status":"closed","template":"","meta":{"footnotes":""},"class_list":["post-4298","page","type-page","status-publish","hentry"],"_links":{"self":[{"href":"https:\/\/jnaceros.com.pe\/blog\/wp-json\/wp\/v2\/pages\/4298","targetHints":{"allow":["GET"]}}],"collection":[{"href":"https:\/\/jnaceros.com.pe\/blog\/wp-json\/wp\/v2\/pages"}],"about":[{"href":"https:\/\/jnaceros.com.pe\/blog\/wp-json\/wp\/v2\/types\/page"}],"author":[{"embeddable":true,"href":"https:\/\/jnaceros.com.pe\/blog\/wp-json\/wp\/v2\/users\/4"}],"replies":[{"embeddable":true,"href":"https:\/\/jnaceros.com.pe\/blog\/wp-json\/wp\/v2\/comments?post=4298"}],"version-history":[{"count":0,"href":"https:\/\/jnaceros.com.pe\/blog\/wp-json\/wp\/v2\/pages\/4298\/revisions"}],"up":[{"embeddable":true,"href":"https:\/\/jnaceros.com.pe\/blog\/wp-json\/wp\/v2\/pages\/4289"}],"wp:attachment":[{"href":"https:\/\/jnaceros.com.pe\/blog\/wp-json\/wp\/v2\/media?parent=4298"}],"curies":[{"name":"wp","href":"https:\/\/api.w.org\/{rel}","templated":true}]}}