{"id":4297,"date":"2013-10-23T18:26:59","date_gmt":"2013-10-23T23:26:59","guid":{"rendered":"http:\/\/www.jnaceros.com.pe\/blog\/?page_id=62"},"modified":"2013-10-23T18:26:59","modified_gmt":"2013-10-23T23:26:59","slug":"influencia-de-los-principales-elementos-del-acero-inoxidable","status":"publish","type":"page","link":"https:\/\/jnaceros.com.pe\/blog\/acero-inoxidable-introduccion\/influencia-de-los-principales-elementos-del-acero-inoxidable\/","title":{"rendered":"Influencia de los principales elementos del Acero Inoxidable"},"content":{"rendered":"<p>Existen diversos componentes que unidos al acero inoxidable hacen que var\u00ede su contextura, resistencia, maleabilidad, etc<\/p>\n<p><strong>*Carbono (C)<\/strong><br \/>\nEl contenido en Carbono del Acero Inoxidable es el que da la resistencia a la rotura aunque debe ser controlado ya que se combina con el Cromo, formando Carburos de Cromo que dan lugar a la corrosi\u00f3n del metal.<\/p>\n<p><strong>*Cromo (Cr)<\/strong><br \/>\nIncrementa la resistencia a la oxidaci\u00f3n, y a la corrosi\u00f3n (Pasivado).<\/p>\n<p><strong>*N\u00edquel (Ni)<\/strong><br \/>\nIncrementa la resistencia a temperaturas elevadas, as\u00ed como a la corrosi\u00f3n.<\/p>\n<p><strong>*Molibdeno (Mo)<\/strong><br \/>\nMejora la resistencia a temperaturas elevadas. Mejora la resistencia a la corrosi\u00f3n al favorecer la PASIVIDAD y resistencia qu\u00edmica en presencia de \u00c1CIDOS Y CLORUROS.<\/p>\n<p><strong>*Manganeso (Mn)<\/strong><br \/>\nAumenta la estabilidad del Acero Inoxidable, inhibiendo la fisuraci\u00f3n en caliente.<\/p>\n<p><strong>*Titanio (Ti) y Niobio (Nb)<\/strong><br \/>\nAl Tener una gran avidez por el Carbono, forman Carburos de Titanio o de Niobio, evitando la formaci\u00f3n de carburos de cromo que har\u00edan perder inoxidabilidad al acero.<\/p>\n<p><strong>*Silicio (Si)<\/strong><br \/>\nDa fluidez al ba\u00f1o del metal fundido y aumenta la resistencia en caliente.<\/p>\n<p><strong>*F\u00f3sforo (P) Azufre (S) y Selenio (Se)<\/strong><br \/>\nEstos elementos son nocivos en los aceros ya que dificultan la ejecuci\u00f3n de la soldadura y en general disminuyen la resistencia a la corrosi\u00f3n.<\/p>\n","protected":false},"excerpt":{"rendered":"<p>Existen diversos componentes que unidos al acero inoxidable hacen que var\u00ede su contextura, resistencia, maleabilidad, etc *Carbono (C) El contenido en Carbono del Acero Inoxidable es el que da la resistencia a la rotura aunque debe ser controlado ya que se combina con el Cromo, formando Carburos de Cromo que dan lugar a la corrosi\u00f3n [&hellip;]<\/p>\n","protected":false},"author":4,"featured_media":0,"parent":4289,"menu_order":4,"comment_status":"open","ping_status":"closed","template":"","meta":{"footnotes":""},"class_list":["post-4297","page","type-page","status-publish","hentry"],"_links":{"self":[{"href":"https:\/\/jnaceros.com.pe\/blog\/wp-json\/wp\/v2\/pages\/4297","targetHints":{"allow":["GET"]}}],"collection":[{"href":"https:\/\/jnaceros.com.pe\/blog\/wp-json\/wp\/v2\/pages"}],"about":[{"href":"https:\/\/jnaceros.com.pe\/blog\/wp-json\/wp\/v2\/types\/page"}],"author":[{"embeddable":true,"href":"https:\/\/jnaceros.com.pe\/blog\/wp-json\/wp\/v2\/users\/4"}],"replies":[{"embeddable":true,"href":"https:\/\/jnaceros.com.pe\/blog\/wp-json\/wp\/v2\/comments?post=4297"}],"version-history":[{"count":0,"href":"https:\/\/jnaceros.com.pe\/blog\/wp-json\/wp\/v2\/pages\/4297\/revisions"}],"up":[{"embeddable":true,"href":"https:\/\/jnaceros.com.pe\/blog\/wp-json\/wp\/v2\/pages\/4289"}],"wp:attachment":[{"href":"https:\/\/jnaceros.com.pe\/blog\/wp-json\/wp\/v2\/media?parent=4297"}],"curies":[{"name":"wp","href":"https:\/\/api.w.org\/{rel}","templated":true}]}}