{"id":4296,"date":"2013-10-14T16:42:13","date_gmt":"2013-10-14T21:42:13","guid":{"rendered":"http:\/\/www.jnaceros.com.pe\/blog\/?page_id=58"},"modified":"2013-10-14T16:42:13","modified_gmt":"2013-10-14T21:42:13","slug":"tipos-de-aceros-inoxidables","status":"publish","type":"page","link":"https:\/\/jnaceros.com.pe\/blog\/acero-inoxidable-introduccion\/tipos-de-aceros-inoxidables\/","title":{"rendered":"Tipos de Aceros Inoxidables"},"content":{"rendered":"<h2>Aceros Martensiticos<\/h2>\n<p><a href=\"https:\/\/jnaceros.com.pe\/blog\/wp-content\/uploads\/aceros-martensiticos.png\"><img loading=\"lazy\" decoding=\"async\" class=\"alignnone size-full wp-image-51\" src=\"https:\/\/jnaceros.com.pe\/blog\/wp-content\/uploads\/aceros-martensiticos.png\" alt=\"aceros-martensiticos\" width=\"669\" height=\"445\" \/><\/a><\/p>\n<p>&nbsp;<\/p>\n<h2>Serie Ferr\u00edtica &#8211; tipo m\u00e1s utilizado 430 AISI<\/h2>\n<p>Su elemento base es 16 a 18% de Cromo, siendo utilizado principalmente en cubierter\u00eda, menaje, electrodom\u00e9sticos, etc. Su contenido de carbono (C) es muy bajo, inferior al 0.1%. Es dif\u00edcil de soldar.<\/p>\n<p>Las caracter\u00edsticas m\u00e1s comunes de los aceros ferr\u00edticos son:<\/p>\n<ul>\n<li>Tienen buena resistencia a la corrosi\u00f3n y oxidaci\u00f3n<\/li>\n<li>No pueden templarse con tratamiento t\u00e9rmico<\/li>\n<li>Tienen buenas caracter\u00edsticas mec\u00e1nicas y de ductibilidad<\/li>\n<li>Las propiedades mec\u00e1nicas disminuyen a bajas temperaturas (inferiores al ambiente).<\/li>\n<li>S\u00f3lo pueden endurecerse por deformaci\u00f3n en frio (trefilado, laminaci\u00f3n, etc.)<\/li>\n<li>Son magn\u00e9ticos<\/li>\n<\/ul>\n<h2>Aceros Ferr\u00edticos<\/h2>\n<p><a href=\"https:\/\/jnaceros.com.pe\/blog\/wp-content\/uploads\/aceros-ferriticos.png\"><img loading=\"lazy\" decoding=\"async\" class=\"alignnone size-full wp-image-52\" src=\"https:\/\/jnaceros.com.pe\/blog\/wp-content\/uploads\/aceros-ferriticos.png\" alt=\"aceros-ferriticos\" width=\"580\" height=\"443\" \/><\/a><\/p>\n<p>&nbsp;<\/p>\n<h2>Serie Austen\u00edtica &#8211; tipo m\u00e1s utilizado 304 AISI, 316 AISI<\/h2>\n<p>Posee como elementos base al Cromo 16 a 18% y al N\u00edquel 8 a 12%. Esta serie es la m\u00e1s popular y se utiliza en una ampl\u00edsima gama de aplicaciones tales como: Industria Aeron\u00e1utica, Qu\u00edmica, Naval, Arquitectura, Alimentaria, Menaje, Calderer\u00eda, Tuber\u00eda, Fregaderos, etc. Su contenido de carbono es muy bajo, inferior al 0.08%.<\/p>\n<p>Los aceros inoxidables austen\u00edticos no son magn\u00e9ticos, pero despu\u00e9s de mecanizados, doblados, embutidos, etc. puede a veces suceder que la parte del material trabajado modifique su estructura y resulte atraido por el im\u00e1n.<\/p>\n<p>En determinados medios, especialmente los que contienen cloruros (como salmueras o agua de mar), el inoxidable 304 muestra propensi\u00f3n a una forma de corrosi\u00f3n localizada, en la cual en determinados puntos de la superficie del material, el medio agresivo origina una corrosi\u00f3n en profundidad. Esta es la corrosi\u00f3n por picado y\/o \u00a0por rendijas (cuando las hay) la presencia de MOLIBDENO (Mo) permite reforzar la acci\u00f3n del Cromo (Cr), originando una mayor resistencia a la corrosi\u00f3n por picaduras o por rendijas, dando origen a los inoxidables 316 de gran uso en las industrias qu\u00edmicas, de alcohol, petroqu\u00edmica, de papel y celulosa, textil y farmac\u00e9utica.<\/p>\n<h3>\u00bfQu\u00e9 sucede a altas temperaturas?<\/h3>\n<p>Cuando el acero inoxidable es sometido a temperaturas entre 450 y 850 \u00baC los inoxidables austen\u00edticos est\u00e1n sujetos a la precipitaci\u00f3n de Carburo de Cromo (Cr23 C6) entendi\u00e9ndose que un carburo es una sal que contiene Carbono (C). Este efecto, llamado SENSIBILIZACI\u00d3N, resulta en la disminuci\u00f3n del contenido de Cromo, tornando el material susceptible a la corrosi\u00f3n intergranular.<\/p>\n<p>Las zonas termicamente afectadas por operaciones de soldado son particularmente sensibles a esta forma de corrosi\u00f3n. El estudio de este fen\u00f3meno llev\u00f3 al desarrollo de los inoxidables austen\u00edticos extra bajo Carbono, 304L, 316L, (L = low, &#8220;bajo&#8221; en ingl\u00e9s), en los cuales el contenido de carbono es controlado a un m\u00e1ximo de 0.03%, quedando as\u00ed extremadamente reducida a posibilidad de sensibilizaci\u00f3n por formaci\u00f3n de carburos (casi no hay carbono).<\/p>\n<p>El titanio (Ti) adicionado como elemento de aleaci\u00f3n inhibe la formaci\u00f3n de carburo de cromo ya que tiene una mayor afinidad por el carbono que aquella que tiene el Cromo. Asi se precipita carbono y titanio, y el cromo permanece en soluci\u00f3n s\u00f3lida. Con la misma finalidad puede ser utilizado el Niobio (Nb).<\/p>\n<p>Las caracter\u00edsticas comunes de los aceros austen\u00edticos son:<\/p>\n<ul>\n<li>No se pueden templar por tratamiento t\u00e9rmico<\/li>\n<li>Ofrecen una excelente resistencia a la corrosi\u00f3n<\/li>\n<li>Tienen excelente soldabilidad<\/li>\n<li>Tienen una mayor dureza como resultado de su deformaci\u00f3n en frio<\/li>\n<li>Tienen baja conductividad t\u00e9rmica (equivalente a un tercio de los aceros al carbono)<\/li>\n<li>Tienen 1.5 veces m\u00e1s dilataci\u00f3n t\u00e9rmica que los aceros al carbono<\/li>\n<\/ul>\n<h2>Aceros Austen\u00edticos<\/h2>\n<p><a href=\"https:\/\/jnaceros.com.pe\/blog\/wp-content\/uploads\/aceros-austeniticos.png\"><img loading=\"lazy\" decoding=\"async\" class=\"alignnone size-full wp-image-53\" src=\"https:\/\/jnaceros.com.pe\/blog\/wp-content\/uploads\/aceros-austeniticos.png\" alt=\"aceros-austeniticos\" width=\"630\" height=\"729\" \/><\/a><\/p>\n","protected":false},"excerpt":{"rendered":"<p>Aceros Martensiticos &nbsp; Serie Ferr\u00edtica &#8211; tipo m\u00e1s utilizado 430 AISI Su elemento base es 16 a 18% de Cromo, siendo utilizado principalmente en cubierter\u00eda, menaje, electrodom\u00e9sticos, etc. Su contenido de carbono (C) es muy bajo, inferior al 0.1%. Es dif\u00edcil de soldar. Las caracter\u00edsticas m\u00e1s comunes de los aceros ferr\u00edticos son: Tienen buena resistencia [&hellip;]<\/p>\n","protected":false},"author":4,"featured_media":0,"parent":4289,"menu_order":3,"comment_status":"open","ping_status":"closed","template":"","meta":{"footnotes":""},"class_list":["post-4296","page","type-page","status-publish","hentry"],"_links":{"self":[{"href":"https:\/\/jnaceros.com.pe\/blog\/wp-json\/wp\/v2\/pages\/4296","targetHints":{"allow":["GET"]}}],"collection":[{"href":"https:\/\/jnaceros.com.pe\/blog\/wp-json\/wp\/v2\/pages"}],"about":[{"href":"https:\/\/jnaceros.com.pe\/blog\/wp-json\/wp\/v2\/types\/page"}],"author":[{"embeddable":true,"href":"https:\/\/jnaceros.com.pe\/blog\/wp-json\/wp\/v2\/users\/4"}],"replies":[{"embeddable":true,"href":"https:\/\/jnaceros.com.pe\/blog\/wp-json\/wp\/v2\/comments?post=4296"}],"version-history":[{"count":0,"href":"https:\/\/jnaceros.com.pe\/blog\/wp-json\/wp\/v2\/pages\/4296\/revisions"}],"up":[{"embeddable":true,"href":"https:\/\/jnaceros.com.pe\/blog\/wp-json\/wp\/v2\/pages\/4289"}],"wp:attachment":[{"href":"https:\/\/jnaceros.com.pe\/blog\/wp-json\/wp\/v2\/media?parent=4296"}],"curies":[{"name":"wp","href":"https:\/\/api.w.org\/{rel}","templated":true}]}}