{"id":4292,"date":"2013-09-23T17:45:49","date_gmt":"2013-09-23T22:45:49","guid":{"rendered":"http:\/\/www.jnaceros.com.pe\/blog\/?page_id=49"},"modified":"2013-09-23T17:45:49","modified_gmt":"2013-09-23T22:45:49","slug":"nomenclatura-aceros-inoxidables","status":"publish","type":"page","link":"https:\/\/jnaceros.com.pe\/blog\/acero-inoxidable-introduccion\/nomenclatura-aceros-inoxidables\/","title":{"rendered":"Nomenclatura de los Aceros Inoxidables"},"content":{"rendered":"<p>La variedad de aceros inoxidables hace necesario diferenciarlos. Aqu\u00ed le indicamos su catalogaci\u00f3n que permite un mejor conocimiento del material.<\/p>\n<p>Los sistemas de nomenclatura de los aceros inoxidables se dividen en 3 puntos:<\/p>\n<ul>\n<li>Clasificaci\u00f3n<\/li>\n<li>Standarizaci\u00f3n (o unificaci\u00f3n)<\/li>\n<li>Convenios de aceptaci\u00f3n<\/li>\n<\/ul>\n<h2>La Clasificaci\u00f3n<\/h2>\n<p>Consiste en una lista de todos los tipos de aceros inoxidables dividida en series y subdividida en tipos.<\/p>\n<p>Una de las clasificaciones m\u00e1s conocidas es la AISI (American Iron and Steel Institute o Instituto Americano de la Siderurgia), la misma que es utilizada en Per\u00fa. La norma AISI subdivide los aceros inoxidables en los siguientes grupos:<\/p>\n<ul>\n<li>Aceros austen\u00edticos al Cromo, Manganeso y N\u00edquel (Cr-Mn-Ni) designado por un n\u00famero de tres cifras, que comienza con la cifra 2XX, en la que las dos \u00faltimas cifras se utilizan simplemente para distinguir un tipo de otro.<\/li>\n<li>Aceros austen\u00edticos al Cromo, Molibdeno y N\u00edquel (Cr-Mo-Ni), designados por un n\u00famero de tres cifras que comienza con la cifra 3XX.<\/li>\n<li>Aceros ferr\u00edticos y martens\u00edticos al Cromo (Cr) designados por un n\u00famero de tres cifras que comienza con 4XX.<\/li>\n<\/ul>\n<h2>La Standarizaci\u00f3n o Unificaci\u00f3n<\/h2>\n<p>Aqu\u00ed se limita la multiplicidad de tipos a fin de hablar de nomenclaturas aceptadas internacionalmente.<\/p>\n<p>El organismo mundial m\u00e1s representativo es sin duda ISO (International Standarization Organization u Organizaci\u00f3n Internacional de Normalizaci\u00f3n) que formula normas a nivel mundial.<\/p>\n<h2>Los Convenios de Aceptaci\u00f3n<\/h2>\n<p>Son especificaciones t\u00e9cnicas que contemplan las caracter\u00edsticas del producto (planchas, barras, tubos, alambres, flejes, etc) para una o m\u00e1s aplicaciones determinadas.<\/p>\n<p>En este tipo de especificaciones las m\u00e1s usadas son las normas ASTM (American Society for Testing and Materials o Sociedad Americana de Ensayos y Materiales).<\/p>\n<p>Las especificaciones ASTM, en lo referente al tipo de acero inoxidable, respetan la clasificaci\u00f3n AISI, salvo algunos tipos especificamente introducidos por la propia ASTM. Esta especificaci\u00f3n es m\u00e1s usada en el caso de tubos inoxidables.<\/p>\n<h3>La Comunidad Europea&#8230;<\/h3>\n<p>En cuanto a los aceros inoxidables, se ha publicado la Euronorma 88-86 de Diciembre de 1986 y la Euronorma 95 para los aceros refractarios.<\/p>\n<p>Los organismos nacionales de unificaci\u00f3n por pa\u00edses son los siguientes:<\/p>\n<ul>\n<li>Espa\u00f1a: Norma UNE36 editada por AENOR (Asociaci\u00f3n Espa\u00f1ola de Normalizaci\u00f3n y Certificaci\u00f3n)<\/li>\n<li>Francia: Norma AFNOR (Asociaci\u00f3n Francesa de Normalizaci\u00f3n)<\/li>\n<li>Inglaterra: Norma BSI (Instituci\u00f3n Brit\u00e1nica de Normalizaci\u00f3n), prescribe las normas BS dedicadas a los aceros inoxidables.<\/li>\n<li>Alemania: Norma DIN (Normas Industriales Alemanas), prescribe la norma 17440 relativa a aceros inoxidables.<\/li>\n<li>Italia: Norma UNI (Ente Nacional Italiano de Unificaci\u00f3n), prescribe la norma 6900-71 relativa a los aceros inoxidables.<\/li>\n<\/ul>\n<p>La designaci\u00f3n de los aceros inoxidables previstos por las euronormas se efect\u00faa seg\u00fan las reglas de designaci\u00f3n contenidas en la Euronorma 27.<\/p>\n","protected":false},"excerpt":{"rendered":"<p>La variedad de aceros inoxidables hace necesario diferenciarlos. Aqu\u00ed le indicamos su catalogaci\u00f3n que permite un mejor conocimiento del material. Los sistemas de nomenclatura de los aceros inoxidables se dividen en 3 puntos: Clasificaci\u00f3n Standarizaci\u00f3n (o unificaci\u00f3n) Convenios de aceptaci\u00f3n La Clasificaci\u00f3n Consiste en una lista de todos los tipos de aceros inoxidables dividida en [&hellip;]<\/p>\n","protected":false},"author":4,"featured_media":0,"parent":4289,"menu_order":2,"comment_status":"open","ping_status":"closed","template":"","meta":{"footnotes":""},"class_list":["post-4292","page","type-page","status-publish","hentry"],"_links":{"self":[{"href":"https:\/\/jnaceros.com.pe\/blog\/wp-json\/wp\/v2\/pages\/4292","targetHints":{"allow":["GET"]}}],"collection":[{"href":"https:\/\/jnaceros.com.pe\/blog\/wp-json\/wp\/v2\/pages"}],"about":[{"href":"https:\/\/jnaceros.com.pe\/blog\/wp-json\/wp\/v2\/types\/page"}],"author":[{"embeddable":true,"href":"https:\/\/jnaceros.com.pe\/blog\/wp-json\/wp\/v2\/users\/4"}],"replies":[{"embeddable":true,"href":"https:\/\/jnaceros.com.pe\/blog\/wp-json\/wp\/v2\/comments?post=4292"}],"version-history":[{"count":0,"href":"https:\/\/jnaceros.com.pe\/blog\/wp-json\/wp\/v2\/pages\/4292\/revisions"}],"up":[{"embeddable":true,"href":"https:\/\/jnaceros.com.pe\/blog\/wp-json\/wp\/v2\/pages\/4289"}],"wp:attachment":[{"href":"https:\/\/jnaceros.com.pe\/blog\/wp-json\/wp\/v2\/media?parent=4292"}],"curies":[{"name":"wp","href":"https:\/\/api.w.org\/{rel}","templated":true}]}}