{"id":4291,"date":"2013-09-18T14:25:11","date_gmt":"2013-09-18T19:25:11","guid":{"rendered":"http:\/\/www.jnaceros.com.pe\/blog\/?page_id=39"},"modified":"2013-09-18T14:25:11","modified_gmt":"2013-09-18T19:25:11","slug":"pasivado","status":"publish","type":"page","link":"https:\/\/jnaceros.com.pe\/blog\/acero-inoxidable-introduccion\/pasivado\/","title":{"rendered":"Pasivado del Acero Inoxidable"},"content":{"rendered":"<p>El acero inoxidable es altamente resistente a la corrosi\u00f3n. Conozca como se pone a prueba su calidad y su capacidad de regeneraci\u00f3n.<\/p>\n<p>El acero es inoxidable gracias a que en un ambiente oxidante (que aporta ox\u00edgeno, como el aire) crece en la superficie una capa de \u00f3xido de cromo en los aceros fer\u00edticos, mastens\u00edticos y de \u00f3xidos de cromo y n\u00edquel en la familia de los austen\u00edticos. Esta pel\u00edcula se llama <strong>capa pasivante<\/strong>.<\/p>\n<p>Solo en contacto con el ox\u00edgeno del aire tiene lugar una lenta aparici\u00f3n de la capa pasivante. Industrialmente se acelera el pasivado del acero inoxidable poniendo el material en contacto con \u00e1cidos oxidantes.<\/p>\n<p>Es f\u00e1cil comprender que si al iniciarse el crecimiento de esta pel\u00edcula hay sobre la superficie impurezas o materias extra\u00f1as, estas quedan atrapadas pudiendo causar en el futuro un problema de corrosi\u00f3n.<\/p>\n<h2>\u00bfExiste alguna impureza muy da\u00f1ina para el acero inoxidable?<\/h2>\n<p>S\u00ed existe. La peor impureza que puede estar presente es el hierro, este hecho se conoce como contaminaci\u00f3n por hierro.<\/p>\n<p>La ventaja del acero inoxidable frente a otros materiales es que esta capa pasivante es generada por la propia aleaci\u00f3n. Cuando esta capa se rompe, el solo contacto del ox\u00edgeno del ambiente har\u00e1 crecer de nuevo la pel\u00edcula pasivante y el material volver\u00e1 a tener la misma resistencia a la corrosi\u00f3n que antes del ara\u00f1azo. Esto, siempre y cuando la rotura no haya sido causada por un \u00fatil de hierro o acero com\u00fan que pueda dejar residuos contaminantes. Obviamente, lo que si continuar\u00e1 presente es la discontinuidad superficial.<\/p>\n<p>De esta forma, los aceros inoxidables tienen caracter\u00edsticas singulares que podr\u00edamos llamar reparaci\u00f3n autom\u00e1tica.<\/p>\n","protected":false},"excerpt":{"rendered":"<p>El acero inoxidable es altamente resistente a la corrosi\u00f3n. Conozca como se pone a prueba su calidad y su capacidad de regeneraci\u00f3n. El acero es inoxidable gracias a que en un ambiente oxidante (que aporta ox\u00edgeno, como el aire) crece en la superficie una capa de \u00f3xido de cromo en los aceros fer\u00edticos, mastens\u00edticos y [&hellip;]<\/p>\n","protected":false},"author":4,"featured_media":0,"parent":4289,"menu_order":0,"comment_status":"open","ping_status":"closed","template":"","meta":{"footnotes":""},"class_list":["post-4291","page","type-page","status-publish","hentry"],"_links":{"self":[{"href":"https:\/\/jnaceros.com.pe\/blog\/wp-json\/wp\/v2\/pages\/4291","targetHints":{"allow":["GET"]}}],"collection":[{"href":"https:\/\/jnaceros.com.pe\/blog\/wp-json\/wp\/v2\/pages"}],"about":[{"href":"https:\/\/jnaceros.com.pe\/blog\/wp-json\/wp\/v2\/types\/page"}],"author":[{"embeddable":true,"href":"https:\/\/jnaceros.com.pe\/blog\/wp-json\/wp\/v2\/users\/4"}],"replies":[{"embeddable":true,"href":"https:\/\/jnaceros.com.pe\/blog\/wp-json\/wp\/v2\/comments?post=4291"}],"version-history":[{"count":0,"href":"https:\/\/jnaceros.com.pe\/blog\/wp-json\/wp\/v2\/pages\/4291\/revisions"}],"up":[{"embeddable":true,"href":"https:\/\/jnaceros.com.pe\/blog\/wp-json\/wp\/v2\/pages\/4289"}],"wp:attachment":[{"href":"https:\/\/jnaceros.com.pe\/blog\/wp-json\/wp\/v2\/media?parent=4291"}],"curies":[{"name":"wp","href":"https:\/\/api.w.org\/{rel}","templated":true}]}}