{"id":4289,"date":"2013-09-18T14:21:52","date_gmt":"2013-09-18T19:21:52","guid":{"rendered":"http:\/\/www.jnaceros.com.pe\/blog\/?page_id=35"},"modified":"2020-07-30T11:00:16","modified_gmt":"2020-07-30T16:00:16","slug":"acero-inoxidable-introduccion","status":"publish","type":"page","link":"https:\/\/jnaceros.com.pe\/blog\/acero-inoxidable-introduccion\/","title":{"rendered":"Cap\u00edtulo I &#8211; El Acero Inoxidable"},"content":{"rendered":"<p>El acero inoxidable es desarrollado en los albores de la Primera Guerra Mundial, en una era llena de inventos y progresos, tambi\u00e9n es considerado un producto t\u00edpico del siglo XX; desde entonces su uso se ha propagado en las m\u00e1s diversas actividades del hombre.<\/p>\n<p><a href=\"https:\/\/jnaceros.com.pe\/blog\/wp-content\/uploads\/placas-de-acero.jpg\"><img loading=\"lazy\" decoding=\"async\" class=\"alignright size-medium wp-image-27\" src=\"https:\/\/jnaceros.com.pe\/blog\/wp-content\/uploads\/placas-de-acero-300x215.jpg\" alt=\"placas-de-acero\" width=\"300\" height=\"215\" \/><\/a>Este gran material encuentra la f\u00f3rmula correcta para su aleaci\u00f3n en el Fierro (Fe) en aproximadamente un 70% y un 30% de otros elementos, entre los cuales el Cromo (Cr) debe estar como m\u00ednimo al 11%.<\/p>\n<p>Asimismo, el agregado de otros elementos a la aleaci\u00f3n permite formar un conjunto de materiales conocidos como la familia de los aceros inoxidables, constituida por m\u00e1s de 200 variedades.<\/p>\n<p>En esta composici\u00f3n, un elemento que lo hace diferente a los dem\u00e1s aceros y que lo convierte en inoxidable es el Cromo (Cr). Su acci\u00f3n consiste en la formaci\u00f3n de una delgad\u00edsima y transparente capa de \u00f3xido de cromo sobre la superficie del metal, capa que es impermeable e insoluble en medios corrosivos. Esta es conocida como capa pasivante, de la cual hablaremos m\u00e1s adelante.<\/p>\n<p>La principal cualidad de los aceros inoxidables es su buena resistencia a la corrosi\u00f3n. Esta caracter\u00edstica se debe principalmente a la presencia de cromo en la aleaci\u00f3n. Este elemento en cantidades relativamente peque\u00f1as, como es 5%, mejora ya la resistencia. Sin embargo es solamente a partir del 10% al 12% que se puede hablar con propiedad de aceros inoxidables.<\/p>\n<p>De esta forma, los aceros inoxidables tienen excelentes propiedades mec\u00e1nicas y buenas caracter\u00edsticas para su transformaci\u00f3n en fr\u00edo o caliente.<\/p>\n<p>Otro elemento que destaca en las aleaciones es el n\u00edquel (Ni), ya que aumenta la resistencia en los medios no oxidantes. Su aporte no se limita a una mejor resistencia a la corrosi\u00f3n, sino que permite una mayor ductibilidad, resistencia mec\u00e1nica en caliente y soldabilidad.<\/p>\n<h1><a href=\"https:\/\/jnaceros.com.pe\/blog\/acero-inoxidable-introduccion\/pasivado\/\">1. Pasivado<\/a><\/h1>\n<p>El acero inoxidable es altamente resistente a la corrosi\u00f3n. Conozca como se pone a prueba su calidad y su capacidad de regeneraci\u00f3n.<\/p>\n<p>El acero es inoxidable gracias a que en un ambiente oxidante (que aporta ox\u00edgeno, como el aire) crece en la superficie una capa de \u00f3xido de cromo en los aceros fer\u00edticos, mastens\u00edticos y de \u00f3xidos de cromo y n\u00edquel en la familia de los austen\u00edticos. Esta pel\u00edcula se llama\u00a0<strong>capa pasivante<\/strong>.<\/p>\n<h1><a href=\"https:\/\/jnaceros.com.pe\/blog\/acero-inoxidable-introduccion\/nomenclatura-aceros-inoxidables\/\">2. Nomenclatura<\/a><\/h1>\n<p>La variedad de aceros inoxidables hace necesario diferenciarlos. Aqu\u00ed le indicamos su catalogaci\u00f3n que permite un mejor conocimiento del material.<\/p>\n<p>Los sistemas de nomenclatura de los aceros inoxidables se dividen en 3 puntos:<\/p>\n<ul>\n<li>Clasificaci\u00f3n<\/li>\n<li>Standarizaci\u00f3n (o unificaci\u00f3n)<\/li>\n<li>Convenios de aceptaci\u00f3n<\/li>\n<\/ul>\n<h1><a href=\"https:\/\/jnaceros.com.pe\/blog\/acero-inoxidable-introduccion\/tipos-de-aceros-inoxidables\/\">3. Tipos de Aceros Inoxidables<\/a><\/h1>\n<h1><a href=\"https:\/\/jnaceros.com.pe\/blog\/acero-inoxidable-introduccion\/influencia-de-los-principales-elementos-del-acero-inoxidable\/\">4. Influencia De Los Principales Elementos Del Acero Inoxidable<\/a><\/h1>\n<p>Existen diversos componentes que unidos al acero inoxidable hacen que var\u00ede su contextura, resistencia, maleabilidad, etc<\/p>\n<h1><a href=\"https:\/\/jnaceros.com.pe\/blog\/acero-inoxidable-introduccion\/propiedades-representativas-de-los-aceros-inoxidables\/\">5. Propiedades Representativas De Los Aceros Inoxidables<\/a><\/h1>\n<p>Los aceros inoxidables se usan en gran n\u00famero de aplicaciones debido a su resistencia a una gran diversidad de medios corrosivos y porque conservan su aspecto brillante e inalterable en la mayor\u00eda de las condiciones normales de servicio.<\/p>\n<h1><a href=\"https:\/\/jnaceros.com.pe\/blog\/acero-inoxidable-introduccion\/acabado-superficial-aisi\/\">6. Acabado Superficial (AISI)<\/a><\/h1>\n<p>Existen varios acabados superficiales para cada aplicaci\u00f3n. Conozca los diferentes pasos para conseguirlos.<\/p>\n<p>El uso de n\u00fameros y letras para definir el acabado superficial de los productos plano est\u00e1n generalizados en cuanto a tapas o planchas, planchas y flejes de acero.<\/p>\n<h1><a href=\"https:\/\/jnaceros.com.pe\/blog\/acero-inoxidable-introduccion\/rugosidad-y-brillo-del-acero-inoxidable\/\">7. Rugosidad Y Brillo Del Acero Inoxidable<\/a><\/h1>\n<p>A veces hasta nos podemos reflejar en una plancha de acero inoxidable o simplemente vemos como la luz rebota en su superficie. Una brillante cualidad que explicamos a continuaci\u00f3n.<\/p>\n<h1><a href=\"https:\/\/jnaceros.com.pe\/blog\/acero-inoxidable-introduccion\/corte-doblez\/\">8. Corte Y Doblez Del Acero Inoxidable<\/a><\/h1>\n<p>El acero inoxidable puede tener la forma que desee. Este es un procedimiento que no debe ser complicado y el material debe darnos las facilidades. Existen diferentes m\u00e9todos a los que puede ser sometido.<\/p>\n<p>Existen varios procesos de transformaci\u00f3n a los que se someten los aceros inoxidables, pero m\u00e1s utilizados son: El corte y el doblez.<\/p>\n<h1><a href=\"https:\/\/jnaceros.com.pe\/blog\/acero-inoxidable-introduccion\/industria-alimentaria\/\">9. El Acero Inoxidable En La Industria Alimentaria<\/a><\/h1>\n<p>El acero inoxidable est\u00e1 presente en una de las industrias de mayor importancia, como la de los alimentos, los beneficios que este brinda en todo el proceso son muy importantes para la producci\u00f3n de comestibles.<\/p>\n<h1><a href=\"https:\/\/jnaceros.com.pe\/blog\/acero-inoxidable-introduccion\/recomendaciones-almacenaje-acero-inoxidable\/\">9. Recomendaciones Para El Almacenaje Del Acero Inoxidable<\/a><\/h1>\n<p>A pesar de ser un material de alta resistencia, es necesario seguir algunas recomendaciones para su almacenamiento.<\/p>\n<p>Debido a su propio nombre usualmente se tiende a pensar err\u00f3neamente que el acero inoxidable es un metal que no necesita ning\u00fan mantenimiento, puesto que tiene la imagen de que no se degrada ni con el uso, ni con el paso del tiempo, e incluso se llega a pensar y decir que se trata de un mal producto o de una imitaci\u00f3n si un acero inoxidable totalmente correcto, llega un d\u00eda a oxidarse.<\/p>\n<h1><a href=\"https:\/\/jnaceros.com.pe\/blog\/acero-inoxidable-introduccion\/limpieza-mantenimiento-articulos-acero\/\">10. Limpieza Y Mantenimiento De Articulos Fabricados Con Aceros Inoxidables<\/a><\/h1>\n<p>Seguir ciertas precauciones para conservar un art\u00edculo hecho a base de acero inoxidable no esta dem\u00e1s, esto nos asegura una larga vida del producto.<\/p>\n<h1><a href=\"https:\/\/jnaceros.com.pe\/blog\/acero-inoxidable-introduccion\/corrosion-acero-inoxidable\/\">11. Corrosi\u00f3n Del Acero Inoxidable<\/a><\/h1>\n<p>Como esta comprobado, el acero inoxidable es un material muy resistente, sobre todo a la corrosi\u00f3n pero existen agentes que pueden da\u00f1ar su estructura.<\/p>\n<h1><a href=\"https:\/\/jnaceros.com.pe\/blog\/acero-inoxidable-introduccion\/conformacion-caracteristicas-principales-acero-inoxidable\/\">12. Conformaci\u00f3n Y Caracter\u00edsticas Principales Del Acero Inoxidable<\/a><\/h1>\n<p>Dureza, densidad, estirado, etc. Conozca las diversas caracter\u00edsticas que hay que considerar en el acero inoxidable.<\/p>\n<p>Cada una representa nuevos beneficios para su uso.<\/p>\n<h1><a href=\"https:\/\/jnaceros.com.pe\/blog\/acero-inoxidable-introduccion\/soldadura-acero-inoxidable\/\">13. Soldadura Del Acero Inoxidable<\/a><\/h1>\n<p>Es importante la adecuada selecci\u00f3n del tipo de soldadura al cual se va a someter el acero inoxidable seg\u00fan el uso y calidad del material.<\/p>\n<h1><a href=\"https:\/\/jnaceros.com.pe\/blog\/acero-inoxidable-introduccion\/otros-tipos-acero-inoxidable-usos\/\">14. Otros Tipos De Acero Inoxidable Y Sus Usos<\/a><\/h1>\n","protected":false},"excerpt":{"rendered":"<p>El acero inoxidable es desarrollado en los albores de la Primera Guerra Mundial, en una era llena de inventos y progresos, tambi\u00e9n es considerado un producto t\u00edpico del siglo XX; desde entonces su uso se ha propagado en las m\u00e1s diversas actividades del hombre. Este gran material encuentra la f\u00f3rmula correcta para su aleaci\u00f3n en [&hellip;]<\/p>\n","protected":false},"author":4,"featured_media":0,"parent":0,"menu_order":0,"comment_status":"open","ping_status":"closed","template":"","meta":{"footnotes":""},"class_list":["post-4289","page","type-page","status-publish","hentry"],"_links":{"self":[{"href":"https:\/\/jnaceros.com.pe\/blog\/wp-json\/wp\/v2\/pages\/4289","targetHints":{"allow":["GET"]}}],"collection":[{"href":"https:\/\/jnaceros.com.pe\/blog\/wp-json\/wp\/v2\/pages"}],"about":[{"href":"https:\/\/jnaceros.com.pe\/blog\/wp-json\/wp\/v2\/types\/page"}],"author":[{"embeddable":true,"href":"https:\/\/jnaceros.com.pe\/blog\/wp-json\/wp\/v2\/users\/4"}],"replies":[{"embeddable":true,"href":"https:\/\/jnaceros.com.pe\/blog\/wp-json\/wp\/v2\/comments?post=4289"}],"version-history":[{"count":3,"href":"https:\/\/jnaceros.com.pe\/blog\/wp-json\/wp\/v2\/pages\/4289\/revisions"}],"predecessor-version":[{"id":4353,"href":"https:\/\/jnaceros.com.pe\/blog\/wp-json\/wp\/v2\/pages\/4289\/revisions\/4353"}],"wp:attachment":[{"href":"https:\/\/jnaceros.com.pe\/blog\/wp-json\/wp\/v2\/media?parent=4289"}],"curies":[{"name":"wp","href":"https:\/\/api.w.org\/{rel}","templated":true}]}}