{"id":4283,"date":"2014-01-22T21:28:05","date_gmt":"2014-01-23T02:28:05","guid":{"rendered":"http:\/\/www.jnaceros.com.pe\/blog\/?page_id=268"},"modified":"2014-01-22T21:28:05","modified_gmt":"2014-01-23T02:28:05","slug":"coplas","status":"publish","type":"page","link":"https:\/\/jnaceros.com.pe\/blog\/accesorios-acero-inoxidable\/coplas\/","title":{"rendered":"Coplas de Acero Inoxidable"},"content":{"rendered":"<h2>7.1.- Copla Reduccion NPT\/S.W.<\/h2>\n<p>Las coplas de reducci\u00f3n cumplen id\u00e9ntica finalidad que las reducciones concentricas butt weld, a diferencia que en este tipo de coplas, la p\u00e9rdida de carga que sufre la l\u00ednea es importante.<\/p>\n<p>Por su sistema de fabricaci\u00f3n solo las encontramos conc\u00e9ntricas y exc\u00e9ntricas, sus di\u00e1metros tambi\u00e9n son peque\u00f1os y la reducci\u00f3n que se forma no va m\u00e1s all\u00e1 de una o dos medidas, por ejemplo: reducci\u00f3n de 2\u201dx 1 \u00bd\u201d o 2\u201dx 1 \u00bc\u201d. Si insistimos en hacer reducciones m\u00e1s prolongadas, las p\u00e9rdidas de carga que lograremos ser\u00edan importantes.<\/p>\n<p><a href=\"https:\/\/jnaceros.com.pe\/blog\/wp-content\/uploads\/copla-acero-reduccion-npt-2.png\"><img loading=\"lazy\" decoding=\"async\" class=\"alignnone wp-image-269 size-full\" title=\"Coplas de Reducci\u00f3n de Acero Inoxidable\" src=\"https:\/\/jnaceros.com.pe\/blog\/wp-content\/uploads\/copla-acero-reduccion-npt-2.png\" alt=\"copla de acero inoxidable, reduccion npt\" width=\"880\" height=\"294\" \/><\/a><\/p>\n<h2>7.2.- Copla NPT\/S.W.<\/h2>\n<p>Cumplen similar funci\u00f3n que las de reducci\u00f3n con la diferencia que los di\u00e1metros en ambos extremos son los mismos, es decir, las utilizamos para unir dos tuber\u00edas de la misma medida.<\/p>\n<p>No existe p\u00e9rdida de carga de por medio, debido a que son piezas de paso total. Las encontramos con hilo interior NPT o soldadas de encaje, trabajan a altas presiones y es habitual verlas unir tuber\u00edas schedule 80.<\/p>\n<p><a href=\"https:\/\/jnaceros.com.pe\/blog\/wp-content\/uploads\/copla-acero-npt-s-2.png\"><img loading=\"lazy\" decoding=\"async\" class=\"alignnone wp-image-270 size-full\" title=\"Copla NPT\/S.W. de Acero Inoxidable\" src=\"https:\/\/jnaceros.com.pe\/blog\/wp-content\/uploads\/copla-acero-npt-s-2.png\" alt=\"copla de acero inoxidable npt s\" width=\"930\" height=\"446\" \/><\/a><\/p>\n<h2>7.3.- Media Copla NPT\/S.W.<\/h2>\n<p>Se utilizan habitualmente en la salida de un estanque o en alg\u00fan sistema de distribuci\u00f3n o manifold que nos exija que a lo menos un extremo de la copla vaya soldada a la pieza mayor.<\/p>\n<p><a href=\"https:\/\/jnaceros.com.pe\/blog\/wp-content\/uploads\/media-copla-npt-s-2.png\"><img loading=\"lazy\" decoding=\"async\" class=\"alignnone wp-image-271 size-full\" title=\"Media Copla NPT\/S.W. de Acero Inoxidable\" src=\"https:\/\/jnaceros.com.pe\/blog\/wp-content\/uploads\/media-copla-npt-s-2.png\" alt=\"media copla de acero inoxidable npt-s\" width=\"1044\" height=\"382\" \/><\/a><\/p>\n","protected":false},"excerpt":{"rendered":"<p>7.1.- Copla Reduccion NPT\/S.W. Las coplas de reducci\u00f3n cumplen id\u00e9ntica finalidad que las reducciones concentricas butt weld, a diferencia que en este tipo de coplas, la p\u00e9rdida de carga que sufre la l\u00ednea es importante. Por su sistema de fabricaci\u00f3n solo las encontramos conc\u00e9ntricas y exc\u00e9ntricas, sus di\u00e1metros tambi\u00e9n son peque\u00f1os y la reducci\u00f3n que [&hellip;]<\/p>\n","protected":false},"author":4,"featured_media":0,"parent":4254,"menu_order":7,"comment_status":"open","ping_status":"closed","template":"","meta":{"footnotes":""},"class_list":["post-4283","page","type-page","status-publish","hentry"],"_links":{"self":[{"href":"https:\/\/jnaceros.com.pe\/blog\/wp-json\/wp\/v2\/pages\/4283","targetHints":{"allow":["GET"]}}],"collection":[{"href":"https:\/\/jnaceros.com.pe\/blog\/wp-json\/wp\/v2\/pages"}],"about":[{"href":"https:\/\/jnaceros.com.pe\/blog\/wp-json\/wp\/v2\/types\/page"}],"author":[{"embeddable":true,"href":"https:\/\/jnaceros.com.pe\/blog\/wp-json\/wp\/v2\/users\/4"}],"replies":[{"embeddable":true,"href":"https:\/\/jnaceros.com.pe\/blog\/wp-json\/wp\/v2\/comments?post=4283"}],"version-history":[{"count":0,"href":"https:\/\/jnaceros.com.pe\/blog\/wp-json\/wp\/v2\/pages\/4283\/revisions"}],"up":[{"embeddable":true,"href":"https:\/\/jnaceros.com.pe\/blog\/wp-json\/wp\/v2\/pages\/4254"}],"wp:attachment":[{"href":"https:\/\/jnaceros.com.pe\/blog\/wp-json\/wp\/v2\/media?parent=4283"}],"curies":[{"name":"wp","href":"https:\/\/api.w.org\/{rel}","templated":true}]}}