{"id":4260,"date":"2014-01-22T21:01:34","date_gmt":"2014-01-23T02:01:34","guid":{"rendered":"http:\/\/www.jnaceros.com.pe\/blog\/?page_id=214"},"modified":"2014-01-22T21:01:34","modified_gmt":"2014-01-23T02:01:34","slug":"tees","status":"publish","type":"page","link":"https:\/\/jnaceros.com.pe\/blog\/accesorios-acero-inoxidable\/tees\/","title":{"rendered":"Tees"},"content":{"rendered":"<p>Las tees se pueden vaciar, forjar o formar en fr\u00edo o en caliente a partir de tramos cortos de tuber\u00edas. Es habitual tener solo tees con las dos conexiones (de corrida) del mismo tama\u00f1o y la conexi\u00f3n bifurcada ya sea del mismo tama\u00f1o de las conexiones externas o de uno, dos o tres tama\u00f1os menores. Se utilizan codos reductores adyacentes para otras reducciones de tama\u00f1o.<\/p>\n<h2>2.1.- Tee Recta con Costura<\/h2>\n<p>Son las piezas que nos permiten desviar el fluido en 90\u00b0 manteniendo la l\u00ednea horizontal de la tuber\u00eda constante, es decir, una desviaci\u00f3n del mismo di\u00e1metro de la l\u00ednea principal.<\/p>\n<p>Pueden ser fabricadas bajo normas A403 o A774 y como en las curvas, sus dimensiones y espesor de pared coinciden con los de la tuber\u00eda.<\/p>\n<p><a href=\"https:\/\/jnaceros.com.pe\/blog\/wp-content\/uploads\/t-acero-recta-con-costura-2.png\"><img loading=\"lazy\" decoding=\"async\" class=\"alignnone size-full wp-image-238\" src=\"https:\/\/jnaceros.com.pe\/blog\/wp-content\/uploads\/t-acero-recta-con-costura-2.png\" alt=\"t de acero recta con costura\" width=\"1258\" height=\"292\" \/><\/a><\/p>\n<h2>2.2.- Tee Reducci\u00f3n con Costura<\/h2>\n<p>Son las piezas que nos permiten desviar el fluido en 90\u00b0 disminuyendo el di\u00e1metro desde la linea horizontal de la tuber\u00eda que se mantiene constante, es decir, una desviaci\u00f3n distinta al di\u00e1metro de la l\u00ednea principal.<\/p>\n<p>Pueden ser fabricadas bajo normas A403 o A774 y como en las curvas, sus dimensiones y espesor de pared coinciden con los de la tuber\u00eda.<\/p>\n<p><a href=\"https:\/\/jnaceros.com.pe\/blog\/wp-content\/uploads\/t-acero-reduccion-con-costura-2.png\"><img loading=\"lazy\" decoding=\"async\" class=\"alignnone wp-image-240\" src=\"https:\/\/jnaceros.com.pe\/blog\/wp-content\/uploads\/t-acero-reduccion-con-costura-2.png\" alt=\"t de acero inoxidable - reduccion con costura\" width=\"1274\" height=\"294\" \/><\/a><\/p>\n<h2>2.3.- Tee Recta NPT\/S.W.<\/h2>\n<p>Tienen la misma finalidad que la tee con costura, sin embargo por su sistema de instalaci\u00f3n de di\u00e1metros en las que vemos con m\u00e1s frecuencia van desde \u00bc\u201d hasta 2\u201d.<\/p>\n<p>Sus clases recorren desde 3,000 hasta 9,000 lb. Su fabricaci\u00f3n es a trav\u00e9s de forja y luego rectificaci\u00f3n mec\u00e1nica.<\/p>\n<p><a href=\"https:\/\/jnaceros.com.pe\/blog\/wp-content\/uploads\/t-acero-recta-npt-2.png\"><img loading=\"lazy\" decoding=\"async\" class=\"alignnone size-full wp-image-241\" src=\"https:\/\/jnaceros.com.pe\/blog\/wp-content\/uploads\/t-acero-recta-npt-2.png\" alt=\"t de acero recta npt\" width=\"1264\" height=\"474\" \/><\/a><\/p>\n<h2>2.4.- Tee Reducci\u00f3n NPT\/S.W.<\/h2>\n<p>Al igual que la tee recta, estas mantienen constante el di\u00e1metro principal de la l\u00ednea reduci\u00e9ndose en su parte inferior. Puede ser montada con hilo NPT o simplemente soldada de encaje.<\/p>\n<p>La encontramos en clase 3,000-6,000 y 9,000 lb entre di\u00e1metros que van desde \u00bc\u201d a 2\u201d.<\/p>\n","protected":false},"excerpt":{"rendered":"<p>Las tees se pueden vaciar, forjar o formar en fr\u00edo o en caliente a partir de tramos cortos de tuber\u00edas. Es habitual tener solo tees con las dos conexiones (de corrida) del mismo tama\u00f1o y la conexi\u00f3n bifurcada ya sea del mismo tama\u00f1o de las conexiones externas o de uno, dos o tres tama\u00f1os menores. [&hellip;]<\/p>\n","protected":false},"author":4,"featured_media":0,"parent":4254,"menu_order":2,"comment_status":"closed","ping_status":"closed","template":"","meta":{"footnotes":""},"class_list":["post-4260","page","type-page","status-publish","hentry"],"_links":{"self":[{"href":"https:\/\/jnaceros.com.pe\/blog\/wp-json\/wp\/v2\/pages\/4260","targetHints":{"allow":["GET"]}}],"collection":[{"href":"https:\/\/jnaceros.com.pe\/blog\/wp-json\/wp\/v2\/pages"}],"about":[{"href":"https:\/\/jnaceros.com.pe\/blog\/wp-json\/wp\/v2\/types\/page"}],"author":[{"embeddable":true,"href":"https:\/\/jnaceros.com.pe\/blog\/wp-json\/wp\/v2\/users\/4"}],"replies":[{"embeddable":true,"href":"https:\/\/jnaceros.com.pe\/blog\/wp-json\/wp\/v2\/comments?post=4260"}],"version-history":[{"count":0,"href":"https:\/\/jnaceros.com.pe\/blog\/wp-json\/wp\/v2\/pages\/4260\/revisions"}],"up":[{"embeddable":true,"href":"https:\/\/jnaceros.com.pe\/blog\/wp-json\/wp\/v2\/pages\/4254"}],"wp:attachment":[{"href":"https:\/\/jnaceros.com.pe\/blog\/wp-json\/wp\/v2\/media?parent=4260"}],"curies":[{"name":"wp","href":"https:\/\/api.w.org\/{rel}","templated":true}]}}