{"id":4254,"date":"2013-12-19T09:14:40","date_gmt":"2013-12-19T14:14:40","guid":{"rendered":"http:\/\/www.jnaceros.com.pe\/blog\/?page_id=201"},"modified":"2020-08-06T12:52:10","modified_gmt":"2020-08-06T17:52:10","slug":"accesorios-acero-inoxidable","status":"publish","type":"page","link":"https:\/\/jnaceros.com.pe\/blog\/accesorios-acero-inoxidable\/","title":{"rendered":"Accesorios de acero inoxidable"},"content":{"rendered":"<h2><b>Introducci\u00f3n:<\/b><\/h2>\n<p><span style=\"font-weight: 400;\">Diferentes piezas menores son elaboradas a partir del acero inoxidable para satisfacer diversas necesidades de la actividad metalmec\u00e1nica, pesquera, industria alimentaria, minera, agroindustria, etc.<\/span><\/p>\n<p><span style=\"font-weight: 400;\">Algunas de estas piezas son las curvas, codos, tees, reducciones,etc. que en su elaboraci\u00f3n demandan un complejo proceso dado por uso espec\u00edfico y tama\u00f1o.<\/span><\/p>\n<p><span style=\"font-weight: 400;\">Es necesario que se trabaje el acero en fr\u00edo o caliente, de esta forma la pared exterior se adelgaza en una proporci\u00f3n que var\u00eda seg\u00fan el procedimiento utilizado. Se requiere de un templado subsiguiente en algunos materiales.<\/span><\/p>\n<p><span style=\"font-weight: 400;\">Para evitar las arrugas y el aplastamiento excesivo, es necesario el relleno con arena para el doblado en caliente y el empaque de arena o mandriles flexibles para el doblado en fr\u00edo, dependiendo de las razones del di\u00e1metro exterior de la tuber\u00eda al radio de la l\u00ednea central de la curva y al espesor de la pared de la tuber\u00eda.<\/span><\/p>\n<h2><b>Accesorios<\/b><\/h2>\n<p><span style=\"font-weight: 400;\">Todos los procesos industriales en donde se utilice tuber\u00eda, necesariamente debe contemplar el uso de accesorios ya sean estos para unir tuber\u00edas o simplemente para dar forma a la l\u00ednea del piping.<\/span><\/p>\n<p><span style=\"font-weight: 400;\">Depender\u00e1 de las presiones, dimensiones y tipos de fluidos que se manejan para especificar el tipo de accesorios a instalar , vale decir, existe para cada proceso un tipo de accesorio espec\u00edfico.<\/span><\/p>\n<p><span style=\"font-weight: 400;\">Al igual que las tuber\u00edas los accesorios son fabricados bajo normas. Las m\u00e1s comunes son la DIN y ASTM, siendo la \u00faltima la m\u00e1s utilizada dentro de nuestro mercado.<\/span><\/p>\n<p><span style=\"font-weight: 400;\">Dentro de los ASTM m\u00e1s comunes en la fabricaci\u00f3n de accesorios podemos destacar: ASTM A-403\/ ASTM A-774\/ ASTM A-182\/ ASTM A-351. Seg\u00fan esta clasificaci\u00f3n el detalle de cada uno es el siguiente:<\/span><\/p>\n<h2><b>ASTM-403<\/b><\/h2>\n<p><span style=\"font-weight: 400;\">Objeto: Accesorios para tuber\u00edas de acero inoxidable con o sin costura para servicio corrosivo<\/span><\/p>\n<p><span style=\"font-weight: 400;\">a alta temperatura.<\/span><\/p>\n<p><span style=\"font-weight: 400;\">Grados: Comprende los siguientes: 304-304H- 404L-316-316H-316L-321-321H-347-347h-310-<\/span><\/p>\n<p><span style=\"font-weight: 400;\">310S-309.<\/span><\/p>\n<p><span style=\"font-weight: 400;\">Fabricaci\u00f3n:Los accesorios pueden ser fabricados por los siguientes m\u00e9todos:<\/span><\/p>\n<ul>\n<li style=\"font-weight: 400;\"><span style=\"font-weight: 400;\">Soldadura tope en horno: \u00a0\u00a0\u00a0\u00a0\u00a0\u00a0\u00a0\u00a0\u00a0\u00a0\u00a0\u00a0\u00a0\u00a0\u00a0\u00a0Tipo F<\/span><\/li>\n<li style=\"font-weight: 400;\"><span style=\"font-weight: 400;\">Soldadura por resistencia electrica: Tipo E<\/span><\/li>\n<li style=\"font-weight: 400;\"><span style=\"font-weight: 400;\">Sin soldadura: \u00a0\u00a0\u00a0\u00a0\u00a0\u00a0\u00a0\u00a0\u00a0\u00a0\u00a0\u00a0\u00a0\u00a0\u00a0\u00a0\u00a0\u00a0\u00a0\u00a0\u00a0\u00a0\u00a0\u00a0\u00a0\u00a0\u00a0\u00a0\u00a0\u00a0\u00a0\u00a0\u00a0\u00a0\u00a0Tipo S<\/span><\/li>\n<li style=\"font-weight: 400;\"><span style=\"font-weight: 400;\">Forjado<\/span><\/li>\n<li style=\"font-weight: 400;\"><span style=\"font-weight: 400;\">Fundido<\/span><\/li>\n<li style=\"font-weight: 400;\"><span style=\"font-weight: 400;\">Formado<\/span><\/li>\n<\/ul>\n<p><span style=\"font-weight: 400;\">Tolerancias:<\/span><\/p>\n<ul>\n<li style=\"font-weight: 400;\"><span style=\"font-weight: 400;\">Peso; No varia mas de un 10%ni menos del 3.5% del especificado.<\/span><\/li>\n<li style=\"font-weight: 400;\"><span style=\"font-weight: 400;\">Espesor; En cualquier punto ser\u00e1 inferior a un 12.5% del espesor especificado.<\/span><\/li>\n<li style=\"font-weight: 400;\"><span style=\"font-weight: 400;\">Di\u00e1metros; Para un accesorio de 11\/2\u201d a menos, el di\u00e1metro exterior no debe ser superior a 1\/64\u201d (0.4mm), ni inferior a 1\/32\u201d (0.79mm) del especificado. Para un accesorio de 2\u201d a mas, el di\u00e1metro exterior no var\u00eda en +\/- 1% del especificado.<\/span><\/li>\n<\/ul>\n<h2><b>ASTM A-774<\/b><\/h2>\n<p><span style=\"font-weight: 400;\">Objeto: Accesorios para tuber\u00edas de acero inoxidable con costura para servicio corrosivo a baja o mediana temperatura.<\/span><\/p>\n<p><span style=\"font-weight: 400;\">Grados: Comprende los Siguientes: 304L, 316L, 317L,321,347.<\/span><\/p>\n<p><span style=\"font-weight: 400;\">Fabricaci\u00f3n: Los accesorios pueden ser fabricados por los siguientes m\u00e9todos:<\/span><\/p>\n<p><span style=\"font-weight: 400;\">-Soldadura tope en horno: Tipo F<\/span><\/p>\n<p><span style=\"font-weight: 400;\">-Formado<\/span><\/p>\n<p><span style=\"font-weight: 400;\">Tolerancias:<\/span><\/p>\n<ul>\n<li style=\"font-weight: 400;\"><span style=\"font-weight: 400;\">Peso;no var\u00eda en m\u00e1s del 10% ni menos de 3-5% del especificado.<\/span><\/li>\n<li style=\"font-weight: 400;\"><span style=\"font-weight: 400;\">Espesor;en cualquier punto no se ver\u00e1 inferior a 12.5%del espesor especificado.<\/span><\/li>\n<li style=\"font-weight: 400;\"><span style=\"font-weight: 400;\">Di\u00e1metros;para un accesorio de 11\/2\u201da menos, el di\u00e1metro exterior ser\u00e1 superior en 1\/64\u201d(0.4mm), ni inferior a 1\/32\u201d(0.79mm)del especificado.Para un accesorio de 2\u201d a mas, el di\u00e1metro exterior no var\u00eda en +\/-1% al especificado.<\/span><\/li>\n<\/ul>\n<h2><b>ASTM A-182<\/b><\/h2>\n<p><span style=\"font-weight: 400;\">En este caso solo nos referimos al material Acero Inoxidable Forjado.<\/span><\/p>\n<p><span style=\"font-weight: 400;\">Objeto: Accesorios y bridas de acero forjado para tuber\u00edas de acero inoxidable para servicio<\/span><\/p>\n<p><span style=\"font-weight: 400;\">corrosivo a alta presion y temperatura.<\/span><\/p>\n<p><span style=\"font-weight: 400;\">Grados: Comprende los siguientes: 304-304H-304L-316-316H-316L-321-321H-347-347H-310.<\/span><\/p>\n<p><span style=\"font-weight: 400;\">Fabricaci\u00f3n: Los accesorios y bridas son forjados al rojo.<\/span><\/p>\n<h2><b>ASTM A-351<\/b><\/h2>\n<p><span style=\"font-weight: 400;\">Aqu\u00ed tambi\u00e9n nos referimos al material fundido.<\/span><\/p>\n<p><span style=\"font-weight: 400;\">Objeto: accesorio de acero fundido para tuberia de acero inoxidable para servicio corrosivo a<\/span><\/p>\n<p><span style=\"font-weight: 400;\">baja presion y temperatura.<\/span><\/p>\n<p><span style=\"font-weight: 400;\">Grado: Comprende los siguientes:304-404L-316-316L.<\/span><\/p>\n<p><span style=\"font-weight: 400;\">Fabricaci\u00f3n: Fundidos.<\/span><\/p>\n<p><span style=\"font-weight: 400;\">En las siguientes secciones explicamos la elaboraci\u00f3n y procesos de partes importantes fabricadas de acero inoxidable: Codos, Tees, Uniones, Reducciones y otros.<\/span><\/p>\n<h1><a href=\"https:\/\/jnaceros.com.pe\/blog\/accesorios-acero-inoxidable\/codos\/\">1. Codos de Acero Inoxidable<\/a><\/h1>\n<p>Los codos de acero inoxidable se pueden formar mediante vaciado, la forja o conformaci\u00f3n en caliente o fr\u00edo mediante trozos cortos de tuber\u00edas o al soldar piezas de tuber\u00edas cortadas. El adelgazamiento de las tuber\u00edas durante la formaci\u00f3n de los codos se compensa al partir con paredes m\u00e1s gruesas.<\/p>\n<h1><a href=\"https:\/\/jnaceros.com.pe\/blog\/accesorios-acero-inoxidable\/tees\/\">2. Tees<\/a><\/h1>\n<p>Las tees se pueden vaciar, forjar o formar en fr\u00edo o en caliente a partir de tramos cortos de tuber\u00edas. Es habitual tener solo tees con las dos conexiones (de corrida) del mismo tama\u00f1o y la conexi\u00f3n bifurcada ya sea del mismo tama\u00f1o de las conexiones externas o de uno, dos o tres tama\u00f1os menores.<\/p>\n<h1><a href=\"https:\/\/jnaceros.com.pe\/blog\/accesorios-acero-inoxidable\/reducciones\/\">3. Reducciones<\/a><\/h1>\n<p>Las reducciones se pueden vaciar, forjar o formar en caliente o fr\u00edo con trozos peque\u00f1os de tuber\u00edas. Las conexiones de los extremos pueden ser conc\u00e9ntricas o exc\u00e9ntricas, o sea tangentes al mismo plano en un punto, sobre su circunferencia.<\/p>\n<h1><a href=\"https:\/\/jnaceros.com.pe\/blog\/accesorios-acero-inoxidable\/tapones\/\">4. Tapones<\/a><\/h1>\n<h1><a href=\"https:\/\/jnaceros.com.pe\/blog\/accesorios-acero-inoxidable\/bridas\/\">5. Bridas de Acero Inoxidable<\/a><\/h1>\n<h1><a href=\"https:\/\/jnaceros.com.pe\/blog\/accesorios-acero-inoxidable\/coplas\/\">6. Coplas de Acero Inoxidable<\/a><\/h1>\n<h1><a href=\"https:\/\/jnaceros.com.pe\/blog\/accesorios-acero-inoxidable\/terminales-stub-ends\/\">7. Terminales (Stub-Ends)<\/a><\/h1>\n<p>Son piezas que se utilizan a continuaci\u00f3n de las tuber\u00edas y que mayormente trabajan en conjunto con bridas de respaldo Lap joint (tipo A)<\/p>\n<h1><a href=\"https:\/\/jnaceros.com.pe\/blog\/accesorios-acero-inoxidable\/union-americana-npt-sw\/\">8. Union Americana NPT\/SW<\/a><\/h1>\n<p>Es una pieza que no tiene comparaci\u00f3n dentro de las l\u00edneas de accesorio. Su singular sistema de montaje permite realizar mantenimientos y reparaciones peri\u00f3dicas en las l\u00edneas de tuber\u00eda, ya que si estas han sido soldadas o roscadas a la tuber\u00eda, siempre existir\u00e1 la tuerca central que nos permitir\u00e1 separarla por completo.<\/p>\n","protected":false},"excerpt":{"rendered":"<p>Introducci\u00f3n: Diferentes piezas menores son elaboradas a partir del acero inoxidable para satisfacer diversas necesidades de la actividad metalmec\u00e1nica, pesquera, industria alimentaria, minera, agroindustria, etc. Algunas de estas piezas son las curvas, codos, tees, reducciones,etc. que en su elaboraci\u00f3n demandan un complejo proceso dado por uso espec\u00edfico y tama\u00f1o. Es necesario que se trabaje el [&hellip;]<\/p>\n","protected":false},"author":4,"featured_media":0,"parent":0,"menu_order":0,"comment_status":"closed","ping_status":"closed","template":"","meta":{"footnotes":""},"class_list":["post-4254","page","type-page","status-publish","hentry"],"_links":{"self":[{"href":"https:\/\/jnaceros.com.pe\/blog\/wp-json\/wp\/v2\/pages\/4254","targetHints":{"allow":["GET"]}}],"collection":[{"href":"https:\/\/jnaceros.com.pe\/blog\/wp-json\/wp\/v2\/pages"}],"about":[{"href":"https:\/\/jnaceros.com.pe\/blog\/wp-json\/wp\/v2\/types\/page"}],"author":[{"embeddable":true,"href":"https:\/\/jnaceros.com.pe\/blog\/wp-json\/wp\/v2\/users\/4"}],"replies":[{"embeddable":true,"href":"https:\/\/jnaceros.com.pe\/blog\/wp-json\/wp\/v2\/comments?post=4254"}],"version-history":[{"count":1,"href":"https:\/\/jnaceros.com.pe\/blog\/wp-json\/wp\/v2\/pages\/4254\/revisions"}],"predecessor-version":[{"id":4372,"href":"https:\/\/jnaceros.com.pe\/blog\/wp-json\/wp\/v2\/pages\/4254\/revisions\/4372"}],"wp:attachment":[{"href":"https:\/\/jnaceros.com.pe\/blog\/wp-json\/wp\/v2\/media?parent=4254"}],"curies":[{"name":"wp","href":"https:\/\/api.w.org\/{rel}","templated":true}]}}